{"id":3905,"date":"2024-10-21T12:41:54","date_gmt":"2024-10-21T12:41:54","guid":{"rendered":"https:\/\/halohdesign.com\/product\/collar-moderno-de-ojo-de-tigre-marron\/"},"modified":"2024-11-19T21:59:59","modified_gmt":"2024-11-19T21:59:59","slug":"collar-moderno-de-ojo-de-tigre-marron","status":"publish","type":"product","link":"https:\/\/halohdesign.com\/es\/producto\/collar-moderno-de-ojo-de-tigre-marron\/","title":{"rendered":"Collar Ojo de Tigre"},"content":{"rendered":"<p>Este collar hecho a mano est\u00e1 montado con <strong>Ojo de Tigre<\/strong>. Las piedras de Ojo de Tigre se combinan con otras piedras en forma de bloques de <strong>\u00c1gata<\/strong> marr\u00f3n y el collar tiene un cierre de plata ba\u00f1ada con oro de 18ct.<\/p>\n<p><strong> Significado de las piedras preciosas:<\/strong> La combinaci\u00f3n de <strong>Ojo de Tigre y Agata<\/strong> es una poderosa mezcla de energ\u00edas que ofrece una sensaci\u00f3n de equilibrio, protecci\u00f3n y fuerza interior.<\/p>\n","protected":false},"excerpt":{"rendered":"<p>Este collar largo hecho a mano est\u00e1 montado con piedras marrones como Ojo de Tigre y en plata<\/p>\n<p><span style=\"color: #359f00\"><b>\u2713<\/b><\/span> Deja que brille tu personalidad<br \/>\n<b><span style=\"color: #359f00\">\u2713<\/span> <\/b>Cada joya es \u00fanica y est\u00e1 hecha a mano<br \/>\n<b><span style=\"color: #359f00\">\u2713<\/span> <\/b>Piedras preciosas y plata 925 de la mejor calidad<br \/>\n<b><span style=\"color: #359f00\">\u2713<\/span> <\/b>El regalo perfecto para ti o para un ser querido<\/p>\n","protected":false},"featured_media":3271,"comment_status":"closed","ping_status":"closed","template":"","meta":[],"product_cat":[374],"product_tag":[299,300],"class_list":{"0":"post-3905","1":"product","2":"type-product","3":"status-publish","4":"has-post-thumbnail","6":"product_cat-hechos-a-mano-collares","7":"product_tag-marca","8":"product_tag-plata","10":"first","11":"instock","12":"taxable","13":"shipping-taxable","14":"purchasable","15":"product-type-simple","16":"add-to-wishlist-after_add_to_cart"},"yoast_head":"<!-- This site is optimized with the Yoast SEO plugin v26.5 - https:\/\/yoast.com\/wordpress\/plugins\/seo\/ -->\n<title>Collar Ojo de Tigre - Haloh Design<\/title>\n<meta name=\"robots\" content=\"index, follow, max-snippet:-1, max-image-preview:large, max-video-preview:-1\" \/>\n<link rel=\"canonical\" href=\"https:\/\/halohdesign.com\/es\/producto\/collar-moderno-de-ojo-de-tigre-marron\/\" \/>\n<meta property=\"og:locale\" content=\"es_ES\" \/>\n<meta property=\"og:type\" content=\"article\" \/>\n<meta property=\"og:title\" content=\"Collar Ojo de Tigre - Haloh Design\" \/>\n<meta property=\"og:description\" content=\"Este collar largo hecho a mano est\u00e1 montado con piedras marrones como Ojo de Tigre y en plata  \u2713 Deja que brille tu personalidad \u2713 Cada joya es \u00fanica y est\u00e1 hecha a mano \u2713 Piedras preciosas y plata 925 de la mejor calidad \u2713 El regalo perfecto para ti o para un ser querido\" \/>\n<meta property=\"og:url\" content=\"https:\/\/halohdesign.com\/es\/producto\/collar-moderno-de-ojo-de-tigre-marron\/\" \/>\n<meta property=\"og:site_name\" content=\"Haloh Design\" \/>\n<meta property=\"article:modified_time\" content=\"2024-11-19T21:59:59+00:00\" \/>\n<meta property=\"og:image\" content=\"https:\/\/halohdesign.com\/wp-content\/uploads\/2024\/10\/IMG_5358-1.webp\" \/>\n\t<meta property=\"og:image:width\" content=\"1000\" \/>\n\t<meta property=\"og:image:height\" content=\"1180\" \/>\n\t<meta property=\"og:image:type\" content=\"image\/webp\" \/>\n<meta name=\"twitter:card\" content=\"summary_large_image\" \/>\n<meta name=\"twitter:label1\" content=\"Tiempo de lectura\" \/>\n\t<meta name=\"twitter:data1\" content=\"1 minuto\" \/>\n<script type=\"application\/ld+json\" class=\"yoast-schema-graph\">{\"@context\":\"https:\/\/schema.org\",\"@graph\":[{\"@type\":\"WebPage\",\"@id\":\"https:\/\/halohdesign.com\/es\/producto\/collar-moderno-de-ojo-de-tigre-marron\/\",\"url\":\"https:\/\/halohdesign.com\/es\/producto\/collar-moderno-de-ojo-de-tigre-marron\/\",\"name\":\"Collar Ojo de Tigre - Haloh Design\",\"isPartOf\":{\"@id\":\"https:\/\/halohdesign.com\/#website\"},\"primaryImageOfPage\":{\"@id\":\"https:\/\/halohdesign.com\/es\/producto\/collar-moderno-de-ojo-de-tigre-marron\/#primaryimage\"},\"image\":{\"@id\":\"https:\/\/halohdesign.com\/es\/producto\/collar-moderno-de-ojo-de-tigre-marron\/#primaryimage\"},\"thumbnailUrl\":\"https:\/\/halohdesign.com\/wp-content\/uploads\/2024\/10\/IMG_5358-1.webp\",\"datePublished\":\"2024-10-21T12:41:54+00:00\",\"dateModified\":\"2024-11-19T21:59:59+00:00\",\"breadcrumb\":{\"@id\":\"https:\/\/halohdesign.com\/es\/producto\/collar-moderno-de-ojo-de-tigre-marron\/#breadcrumb\"},\"inLanguage\":\"es\",\"potentialAction\":[{\"@type\":\"ReadAction\",\"target\":[\"https:\/\/halohdesign.com\/es\/producto\/collar-moderno-de-ojo-de-tigre-marron\/\"]}]},{\"@type\":\"ImageObject\",\"inLanguage\":\"es\",\"@id\":\"https:\/\/halohdesign.com\/es\/producto\/collar-moderno-de-ojo-de-tigre-marron\/#primaryimage\",\"url\":\"https:\/\/halohdesign.com\/wp-content\/uploads\/2024\/10\/IMG_5358-1.webp\",\"contentUrl\":\"https:\/\/halohdesign.com\/wp-content\/uploads\/2024\/10\/IMG_5358-1.webp\",\"width\":1000,\"height\":1180},{\"@type\":\"BreadcrumbList\",\"@id\":\"https:\/\/halohdesign.com\/es\/producto\/collar-moderno-de-ojo-de-tigre-marron\/#breadcrumb\",\"itemListElement\":[{\"@type\":\"ListItem\",\"position\":1,\"name\":\"Home\",\"item\":\"https:\/\/halohdesign.com\/es\/inicio\/\"},{\"@type\":\"ListItem\",\"position\":2,\"name\":\"Tienda\",\"item\":\"https:\/\/halohdesign.com\/tienda\/\"},{\"@type\":\"ListItem\",\"position\":3,\"name\":\"Collar Ojo de Tigre\"}]},{\"@type\":\"WebSite\",\"@id\":\"https:\/\/halohdesign.com\/#website\",\"url\":\"https:\/\/halohdesign.com\/\",\"name\":\"Haloh Design\",\"description\":\"Handgemaakte juwelen\",\"potentialAction\":[{\"@type\":\"SearchAction\",\"target\":{\"@type\":\"EntryPoint\",\"urlTemplate\":\"https:\/\/halohdesign.com\/?s={search_term_string}\"},\"query-input\":{\"@type\":\"PropertyValueSpecification\",\"valueRequired\":true,\"valueName\":\"search_term_string\"}}],\"inLanguage\":\"es\"}]}<\/script>\n<!-- \/ Yoast SEO plugin. -->","yoast_head_json":{"title":"Collar Ojo de Tigre - Haloh Design","robots":{"index":"index","follow":"follow","max-snippet":"max-snippet:-1","max-image-preview":"max-image-preview:large","max-video-preview":"max-video-preview:-1"},"canonical":"https:\/\/halohdesign.com\/es\/producto\/collar-moderno-de-ojo-de-tigre-marron\/","og_locale":"es_ES","og_type":"article","og_title":"Collar Ojo de Tigre - Haloh Design","og_description":"Este collar largo hecho a mano est\u00e1 montado con piedras marrones como Ojo de Tigre y en plata  \u2713 Deja que brille tu personalidad \u2713 Cada joya es \u00fanica y est\u00e1 hecha a mano \u2713 Piedras preciosas y plata 925 de la mejor calidad \u2713 El regalo perfecto para ti o para un ser querido","og_url":"https:\/\/halohdesign.com\/es\/producto\/collar-moderno-de-ojo-de-tigre-marron\/","og_site_name":"Haloh Design","article_modified_time":"2024-11-19T21:59:59+00:00","og_image":[{"width":1000,"height":1180,"url":"https:\/\/halohdesign.com\/wp-content\/uploads\/2024\/10\/IMG_5358-1.webp","type":"image\/webp"}],"twitter_card":"summary_large_image","twitter_misc":{"Tiempo de lectura":"1 minuto"},"schema":{"@context":"https:\/\/schema.org","@graph":[{"@type":"WebPage","@id":"https:\/\/halohdesign.com\/es\/producto\/collar-moderno-de-ojo-de-tigre-marron\/","url":"https:\/\/halohdesign.com\/es\/producto\/collar-moderno-de-ojo-de-tigre-marron\/","name":"Collar Ojo de Tigre - Haloh Design","isPartOf":{"@id":"https:\/\/halohdesign.com\/#website"},"primaryImageOfPage":{"@id":"https:\/\/halohdesign.com\/es\/producto\/collar-moderno-de-ojo-de-tigre-marron\/#primaryimage"},"image":{"@id":"https:\/\/halohdesign.com\/es\/producto\/collar-moderno-de-ojo-de-tigre-marron\/#primaryimage"},"thumbnailUrl":"https:\/\/halohdesign.com\/wp-content\/uploads\/2024\/10\/IMG_5358-1.webp","datePublished":"2024-10-21T12:41:54+00:00","dateModified":"2024-11-19T21:59:59+00:00","breadcrumb":{"@id":"https:\/\/halohdesign.com\/es\/producto\/collar-moderno-de-ojo-de-tigre-marron\/#breadcrumb"},"inLanguage":"es","potentialAction":[{"@type":"ReadAction","target":["https:\/\/halohdesign.com\/es\/producto\/collar-moderno-de-ojo-de-tigre-marron\/"]}]},{"@type":"ImageObject","inLanguage":"es","@id":"https:\/\/halohdesign.com\/es\/producto\/collar-moderno-de-ojo-de-tigre-marron\/#primaryimage","url":"https:\/\/halohdesign.com\/wp-content\/uploads\/2024\/10\/IMG_5358-1.webp","contentUrl":"https:\/\/halohdesign.com\/wp-content\/uploads\/2024\/10\/IMG_5358-1.webp","width":1000,"height":1180},{"@type":"BreadcrumbList","@id":"https:\/\/halohdesign.com\/es\/producto\/collar-moderno-de-ojo-de-tigre-marron\/#breadcrumb","itemListElement":[{"@type":"ListItem","position":1,"name":"Home","item":"https:\/\/halohdesign.com\/es\/inicio\/"},{"@type":"ListItem","position":2,"name":"Tienda","item":"https:\/\/halohdesign.com\/tienda\/"},{"@type":"ListItem","position":3,"name":"Collar Ojo de Tigre"}]},{"@type":"WebSite","@id":"https:\/\/halohdesign.com\/#website","url":"https:\/\/halohdesign.com\/","name":"Haloh Design","description":"Handgemaakte juwelen","potentialAction":[{"@type":"SearchAction","target":{"@type":"EntryPoint","urlTemplate":"https:\/\/halohdesign.com\/?s={search_term_string}"},"query-input":{"@type":"PropertyValueSpecification","valueRequired":true,"valueName":"search_term_string"}}],"inLanguage":"es"}]}},"_links":{"self":[{"href":"https:\/\/halohdesign.com\/es\/wp-json\/wp\/v2\/product\/3905","targetHints":{"allow":["GET"]}}],"collection":[{"href":"https:\/\/halohdesign.com\/es\/wp-json\/wp\/v2\/product"}],"about":[{"href":"https:\/\/halohdesign.com\/es\/wp-json\/wp\/v2\/types\/product"}],"replies":[{"embeddable":true,"href":"https:\/\/halohdesign.com\/es\/wp-json\/wp\/v2\/comments?post=3905"}],"version-history":[{"count":3,"href":"https:\/\/halohdesign.com\/es\/wp-json\/wp\/v2\/product\/3905\/revisions"}],"predecessor-version":[{"id":4139,"href":"https:\/\/halohdesign.com\/es\/wp-json\/wp\/v2\/product\/3905\/revisions\/4139"}],"wp:featuredmedia":[{"embeddable":true,"href":"https:\/\/halohdesign.com\/es\/wp-json\/wp\/v2\/media\/3271"}],"wp:attachment":[{"href":"https:\/\/halohdesign.com\/es\/wp-json\/wp\/v2\/media?parent=3905"}],"wp:term":[{"taxonomy":"product_cat","embeddable":true,"href":"https:\/\/halohdesign.com\/es\/wp-json\/wp\/v2\/product_cat?post=3905"},{"taxonomy":"product_tag","embeddable":true,"href":"https:\/\/halohdesign.com\/es\/wp-json\/wp\/v2\/product_tag?post=3905"}],"curies":[{"name":"wp","href":"https:\/\/api.w.org\/{rel}","templated":true}]}}