{"id":3859,"date":"2024-11-13T15:40:08","date_gmt":"2024-11-13T15:40:08","guid":{"rendered":"https:\/\/halohdesign.com\/product\/serie-clover-color-marron\/"},"modified":"2025-01-01T00:00:38","modified_gmt":"2025-01-01T00:00:38","slug":"serie-clover-color-marron","status":"publish","type":"product","link":"https:\/\/halohdesign.com\/es\/producto\/serie-clover-color-marron\/","title":{"rendered":"Serie Tr\u00e9bol: color marr\u00f3n"},"content":{"rendered":"<p>Cada collar es diferente. \u00a1\u00danico en su especie! Este collar est\u00e1 hecho con gemas combinadas de <strong>Ojo de Tigre<\/strong> y <strong>Jaspe<\/strong>. Todos los collares est\u00e1n ensartados con un hilo de seda natural y cierre de plata. Cuando se lleva este collar, el tr\u00e9bol est\u00e1 exactamente a la altura de nuestro coraz\u00f3n, y esto hace que las propiedades de ambas piedras preciosas se vuelvan m\u00e1s poderosas.<\/p>\n<p><strong>Significado de las piedras preciosas: El Ojo de tigre <\/strong>es conocido como piedra de protecci\u00f3n, valor y confianza en uno mismo. Se utiliza a menudo para mejorar la concentraci\u00f3n, la claridad mental y la decisi\u00f3n. El ojo de tigre puede ayudar a bloquear la energ\u00eda negativa y se considera una piedra poderosa para fomentar el valor y la perseverancia. <strong>El Jaspe marr\u00f3n<\/strong> se utiliza a menudo para proporcionar estabilidad y seguridad. Debido a su efecto de enraizamiento, es apreciado por las personas que buscan paz y equilibrio.<\/p>\n","protected":false},"excerpt":{"rendered":"<p>Collares de tr\u00e9bol marr\u00f3n desde 39,99 ahora por 29,99.<\/p>\n<p><span style=\"color: #359f00\"><b>\u2713<\/b><\/span> Deja que brille tu personalidad<br \/>\n<b><span style=\"color: #359f00\">\u2713<\/span> <\/b>Cada joya es \u00fanica y est\u00e1 hecha a mano<br \/>\n<b><span style=\"color: #359f00\">\u2713<\/span> <\/b>Piedras preciosas y plata 925 de la mejor calidad<br \/>\n<b><span style=\"color: #359f00\">\u2713<\/span> <\/b>El regalo perfecto para ti o para un ser querido<\/p>\n","protected":false},"featured_media":3607,"comment_status":"closed","ping_status":"closed","template":"","meta":[],"product_cat":[374,404],"product_tag":[299,300],"class_list":{"0":"post-3859","1":"product","2":"type-product","3":"status-publish","4":"has-post-thumbnail","6":"product_cat-hechos-a-mano-collares","7":"product_cat-precios-especiales","8":"product_tag-marca","9":"product_tag-plata","11":"first","12":"instock","13":"taxable","14":"shipping-taxable","15":"purchasable","16":"product-type-simple","17":"add-to-wishlist-after_add_to_cart"},"yoast_head":"<!-- This site is optimized with the Yoast SEO plugin v26.5 - https:\/\/yoast.com\/wordpress\/plugins\/seo\/ -->\n<title>Serie Tr\u00e9bol: color marr\u00f3n - Haloh Design<\/title>\n<meta name=\"robots\" content=\"index, follow, max-snippet:-1, max-image-preview:large, max-video-preview:-1\" \/>\n<link rel=\"canonical\" href=\"https:\/\/halohdesign.com\/es\/producto\/serie-clover-color-marron\/\" \/>\n<meta property=\"og:locale\" content=\"es_ES\" \/>\n<meta property=\"og:type\" content=\"article\" \/>\n<meta property=\"og:title\" content=\"Serie Tr\u00e9bol: color marr\u00f3n - Haloh Design\" \/>\n<meta property=\"og:description\" content=\"Collares de tr\u00e9bol marr\u00f3n desde 39,99 ahora por 29,99.  \u2713 Deja que brille tu personalidad \u2713 Cada joya es \u00fanica y est\u00e1 hecha a mano \u2713 Piedras preciosas y plata 925 de la mejor calidad \u2713 El regalo perfecto para ti o para un ser querido\" \/>\n<meta property=\"og:url\" content=\"https:\/\/halohdesign.com\/es\/producto\/serie-clover-color-marron\/\" \/>\n<meta property=\"og:site_name\" content=\"Haloh Design\" \/>\n<meta property=\"article:modified_time\" content=\"2025-01-01T00:00:38+00:00\" \/>\n<meta property=\"og:image\" content=\"https:\/\/halohdesign.com\/wp-content\/uploads\/2024\/11\/IMG_5770-1-1.webp\" \/>\n\t<meta property=\"og:image:width\" content=\"1000\" \/>\n\t<meta property=\"og:image:height\" content=\"1397\" \/>\n\t<meta property=\"og:image:type\" content=\"image\/webp\" \/>\n<meta name=\"twitter:card\" content=\"summary_large_image\" \/>\n<meta name=\"twitter:label1\" content=\"Tiempo de lectura\" \/>\n\t<meta name=\"twitter:data1\" content=\"1 minuto\" \/>\n<script type=\"application\/ld+json\" class=\"yoast-schema-graph\">{\"@context\":\"https:\/\/schema.org\",\"@graph\":[{\"@type\":\"WebPage\",\"@id\":\"https:\/\/halohdesign.com\/es\/producto\/serie-clover-color-marron\/\",\"url\":\"https:\/\/halohdesign.com\/es\/producto\/serie-clover-color-marron\/\",\"name\":\"Serie Tr\u00e9bol: color marr\u00f3n - Haloh Design\",\"isPartOf\":{\"@id\":\"https:\/\/halohdesign.com\/#website\"},\"primaryImageOfPage\":{\"@id\":\"https:\/\/halohdesign.com\/es\/producto\/serie-clover-color-marron\/#primaryimage\"},\"image\":{\"@id\":\"https:\/\/halohdesign.com\/es\/producto\/serie-clover-color-marron\/#primaryimage\"},\"thumbnailUrl\":\"https:\/\/halohdesign.com\/wp-content\/uploads\/2024\/11\/IMG_5770-1-1.webp\",\"datePublished\":\"2024-11-13T15:40:08+00:00\",\"dateModified\":\"2025-01-01T00:00:38+00:00\",\"breadcrumb\":{\"@id\":\"https:\/\/halohdesign.com\/es\/producto\/serie-clover-color-marron\/#breadcrumb\"},\"inLanguage\":\"es\",\"potentialAction\":[{\"@type\":\"ReadAction\",\"target\":[\"https:\/\/halohdesign.com\/es\/producto\/serie-clover-color-marron\/\"]}]},{\"@type\":\"ImageObject\",\"inLanguage\":\"es\",\"@id\":\"https:\/\/halohdesign.com\/es\/producto\/serie-clover-color-marron\/#primaryimage\",\"url\":\"https:\/\/halohdesign.com\/wp-content\/uploads\/2024\/11\/IMG_5770-1-1.webp\",\"contentUrl\":\"https:\/\/halohdesign.com\/wp-content\/uploads\/2024\/11\/IMG_5770-1-1.webp\",\"width\":1000,\"height\":1397},{\"@type\":\"BreadcrumbList\",\"@id\":\"https:\/\/halohdesign.com\/es\/producto\/serie-clover-color-marron\/#breadcrumb\",\"itemListElement\":[{\"@type\":\"ListItem\",\"position\":1,\"name\":\"Home\",\"item\":\"https:\/\/halohdesign.com\/es\/inicio\/\"},{\"@type\":\"ListItem\",\"position\":2,\"name\":\"Tienda\",\"item\":\"https:\/\/halohdesign.com\/tienda\/\"},{\"@type\":\"ListItem\",\"position\":3,\"name\":\"Serie Tr\u00e9bol: color marr\u00f3n\"}]},{\"@type\":\"WebSite\",\"@id\":\"https:\/\/halohdesign.com\/#website\",\"url\":\"https:\/\/halohdesign.com\/\",\"name\":\"Haloh Design\",\"description\":\"Handgemaakte juwelen\",\"potentialAction\":[{\"@type\":\"SearchAction\",\"target\":{\"@type\":\"EntryPoint\",\"urlTemplate\":\"https:\/\/halohdesign.com\/?s={search_term_string}\"},\"query-input\":{\"@type\":\"PropertyValueSpecification\",\"valueRequired\":true,\"valueName\":\"search_term_string\"}}],\"inLanguage\":\"es\"}]}<\/script>\n<!-- \/ Yoast SEO plugin. -->","yoast_head_json":{"title":"Serie Tr\u00e9bol: color marr\u00f3n - Haloh Design","robots":{"index":"index","follow":"follow","max-snippet":"max-snippet:-1","max-image-preview":"max-image-preview:large","max-video-preview":"max-video-preview:-1"},"canonical":"https:\/\/halohdesign.com\/es\/producto\/serie-clover-color-marron\/","og_locale":"es_ES","og_type":"article","og_title":"Serie Tr\u00e9bol: color marr\u00f3n - Haloh Design","og_description":"Collares de tr\u00e9bol marr\u00f3n desde 39,99 ahora por 29,99.  \u2713 Deja que brille tu personalidad \u2713 Cada joya es \u00fanica y est\u00e1 hecha a mano \u2713 Piedras preciosas y plata 925 de la mejor calidad \u2713 El regalo perfecto para ti o para un ser querido","og_url":"https:\/\/halohdesign.com\/es\/producto\/serie-clover-color-marron\/","og_site_name":"Haloh Design","article_modified_time":"2025-01-01T00:00:38+00:00","og_image":[{"width":1000,"height":1397,"url":"https:\/\/halohdesign.com\/wp-content\/uploads\/2024\/11\/IMG_5770-1-1.webp","type":"image\/webp"}],"twitter_card":"summary_large_image","twitter_misc":{"Tiempo de lectura":"1 minuto"},"schema":{"@context":"https:\/\/schema.org","@graph":[{"@type":"WebPage","@id":"https:\/\/halohdesign.com\/es\/producto\/serie-clover-color-marron\/","url":"https:\/\/halohdesign.com\/es\/producto\/serie-clover-color-marron\/","name":"Serie Tr\u00e9bol: color marr\u00f3n - Haloh Design","isPartOf":{"@id":"https:\/\/halohdesign.com\/#website"},"primaryImageOfPage":{"@id":"https:\/\/halohdesign.com\/es\/producto\/serie-clover-color-marron\/#primaryimage"},"image":{"@id":"https:\/\/halohdesign.com\/es\/producto\/serie-clover-color-marron\/#primaryimage"},"thumbnailUrl":"https:\/\/halohdesign.com\/wp-content\/uploads\/2024\/11\/IMG_5770-1-1.webp","datePublished":"2024-11-13T15:40:08+00:00","dateModified":"2025-01-01T00:00:38+00:00","breadcrumb":{"@id":"https:\/\/halohdesign.com\/es\/producto\/serie-clover-color-marron\/#breadcrumb"},"inLanguage":"es","potentialAction":[{"@type":"ReadAction","target":["https:\/\/halohdesign.com\/es\/producto\/serie-clover-color-marron\/"]}]},{"@type":"ImageObject","inLanguage":"es","@id":"https:\/\/halohdesign.com\/es\/producto\/serie-clover-color-marron\/#primaryimage","url":"https:\/\/halohdesign.com\/wp-content\/uploads\/2024\/11\/IMG_5770-1-1.webp","contentUrl":"https:\/\/halohdesign.com\/wp-content\/uploads\/2024\/11\/IMG_5770-1-1.webp","width":1000,"height":1397},{"@type":"BreadcrumbList","@id":"https:\/\/halohdesign.com\/es\/producto\/serie-clover-color-marron\/#breadcrumb","itemListElement":[{"@type":"ListItem","position":1,"name":"Home","item":"https:\/\/halohdesign.com\/es\/inicio\/"},{"@type":"ListItem","position":2,"name":"Tienda","item":"https:\/\/halohdesign.com\/tienda\/"},{"@type":"ListItem","position":3,"name":"Serie Tr\u00e9bol: color marr\u00f3n"}]},{"@type":"WebSite","@id":"https:\/\/halohdesign.com\/#website","url":"https:\/\/halohdesign.com\/","name":"Haloh Design","description":"Handgemaakte juwelen","potentialAction":[{"@type":"SearchAction","target":{"@type":"EntryPoint","urlTemplate":"https:\/\/halohdesign.com\/?s={search_term_string}"},"query-input":{"@type":"PropertyValueSpecification","valueRequired":true,"valueName":"search_term_string"}}],"inLanguage":"es"}]}},"_links":{"self":[{"href":"https:\/\/halohdesign.com\/es\/wp-json\/wp\/v2\/product\/3859","targetHints":{"allow":["GET"]}}],"collection":[{"href":"https:\/\/halohdesign.com\/es\/wp-json\/wp\/v2\/product"}],"about":[{"href":"https:\/\/halohdesign.com\/es\/wp-json\/wp\/v2\/types\/product"}],"replies":[{"embeddable":true,"href":"https:\/\/halohdesign.com\/es\/wp-json\/wp\/v2\/comments?post=3859"}],"version-history":[{"count":3,"href":"https:\/\/halohdesign.com\/es\/wp-json\/wp\/v2\/product\/3859\/revisions"}],"predecessor-version":[{"id":4096,"href":"https:\/\/halohdesign.com\/es\/wp-json\/wp\/v2\/product\/3859\/revisions\/4096"}],"wp:featuredmedia":[{"embeddable":true,"href":"https:\/\/halohdesign.com\/es\/wp-json\/wp\/v2\/media\/3607"}],"wp:attachment":[{"href":"https:\/\/halohdesign.com\/es\/wp-json\/wp\/v2\/media?parent=3859"}],"wp:term":[{"taxonomy":"product_cat","embeddable":true,"href":"https:\/\/halohdesign.com\/es\/wp-json\/wp\/v2\/product_cat?post=3859"},{"taxonomy":"product_tag","embeddable":true,"href":"https:\/\/halohdesign.com\/es\/wp-json\/wp\/v2\/product_tag?post=3859"}],"curies":[{"name":"wp","href":"https:\/\/api.w.org\/{rel}","templated":true}]}}