{"id":3837,"date":"2024-10-21T10:01:03","date_gmt":"2024-10-21T10:01:03","guid":{"rendered":"https:\/\/halohdesign.com\/product\/collar-de-piedras-solares\/"},"modified":"2024-11-19T22:20:28","modified_gmt":"2024-11-19T22:20:28","slug":"collar-de-piedras-solares","status":"publish","type":"product","link":"https:\/\/halohdesign.com\/es\/producto\/collar-de-piedras-solares\/","title":{"rendered":"Collar con Piedras Solares"},"content":{"rendered":"<p>Hermoso y \u00fanico collar hecho a mano se compone de <strong>Piedras Solares<\/strong> y piedra preciosa <strong>Cornalina<\/strong>. Este collar est\u00e1 combinado con metal de plata 925 al igual que el cierre del collar.<\/p>\n<p><strong>Significado de la piedra preciosa: <\/strong>La combinaci\u00f3n de <strong>Piedra solar<\/strong> y <strong>Cornalina<\/strong> es poderosa y energ\u00e9tica, y representa la vitalidad, la creatividad y el equilibrio emocional. Ambas piedras tienen propiedades calentadoras que juntas evocan una sensaci\u00f3n de pasi\u00f3n y alegr\u00eda<\/p>\n","protected":false},"excerpt":{"rendered":"<p>Collar hecho a mano en diferentes tama\u00f1os de piedras como la Piedra Solar y Cornalina.<\/p>\n<p><span style=\"color: #359f00\"><b>\u2713<\/b><\/span> Deja que brille tu personalidad<br \/>\n<b><span style=\"color: #359f00\">\u2713<\/span> <\/b>Cada joya es \u00fanica y est\u00e1 hecha a mano<br \/>\n<b><span style=\"color: #359f00\">\u2713<\/span> <\/b>Piedras preciosas y plata 925 de la mejor calidad<br \/>\n<b><span style=\"color: #359f00\">\u2713<\/span> <\/b>El regalo perfecto para ti o para un ser querido<\/p>\n","protected":false},"featured_media":3245,"comment_status":"closed","ping_status":"closed","template":"","meta":[],"product_cat":[374],"product_tag":[299,300],"class_list":{"0":"post-3837","1":"product","2":"type-product","3":"status-publish","4":"has-post-thumbnail","6":"product_cat-hechos-a-mano-collares","7":"product_tag-marca","8":"product_tag-plata","10":"first","11":"instock","12":"taxable","13":"shipping-taxable","14":"purchasable","15":"product-type-simple","16":"add-to-wishlist-after_add_to_cart"},"yoast_head":"<!-- This site is optimized with the Yoast SEO plugin v26.5 - https:\/\/yoast.com\/wordpress\/plugins\/seo\/ -->\n<title>Collar con Piedras Solares - Haloh Design<\/title>\n<meta name=\"robots\" content=\"index, follow, max-snippet:-1, max-image-preview:large, max-video-preview:-1\" \/>\n<link rel=\"canonical\" href=\"https:\/\/halohdesign.com\/es\/producto\/collar-de-piedras-solares\/\" \/>\n<meta property=\"og:locale\" content=\"es_ES\" \/>\n<meta property=\"og:type\" content=\"article\" \/>\n<meta property=\"og:title\" content=\"Collar con Piedras Solares - Haloh Design\" \/>\n<meta property=\"og:description\" content=\"Collar hecho a mano en diferentes tama\u00f1os de piedras como la Piedra Solar y Cornalina.  \u2713 Deja que brille tu personalidad \u2713 Cada joya es \u00fanica y est\u00e1 hecha a mano \u2713 Piedras preciosas y plata 925 de la mejor calidad \u2713 El regalo perfecto para ti o para un ser querido\" \/>\n<meta property=\"og:url\" content=\"https:\/\/halohdesign.com\/es\/producto\/collar-de-piedras-solares\/\" \/>\n<meta property=\"og:site_name\" content=\"Haloh Design\" \/>\n<meta property=\"article:modified_time\" content=\"2024-11-19T22:20:28+00:00\" \/>\n<meta property=\"og:image\" content=\"https:\/\/halohdesign.com\/wp-content\/uploads\/2024\/10\/IMG_5362.webp\" \/>\n\t<meta property=\"og:image:width\" content=\"1000\" \/>\n\t<meta property=\"og:image:height\" content=\"677\" \/>\n\t<meta property=\"og:image:type\" content=\"image\/webp\" \/>\n<meta name=\"twitter:card\" content=\"summary_large_image\" \/>\n<meta name=\"twitter:label1\" content=\"Tiempo de lectura\" \/>\n\t<meta name=\"twitter:data1\" content=\"1 minuto\" \/>\n<script type=\"application\/ld+json\" class=\"yoast-schema-graph\">{\"@context\":\"https:\/\/schema.org\",\"@graph\":[{\"@type\":\"WebPage\",\"@id\":\"https:\/\/halohdesign.com\/es\/producto\/collar-de-piedras-solares\/\",\"url\":\"https:\/\/halohdesign.com\/es\/producto\/collar-de-piedras-solares\/\",\"name\":\"Collar con Piedras Solares - Haloh Design\",\"isPartOf\":{\"@id\":\"https:\/\/halohdesign.com\/#website\"},\"primaryImageOfPage\":{\"@id\":\"https:\/\/halohdesign.com\/es\/producto\/collar-de-piedras-solares\/#primaryimage\"},\"image\":{\"@id\":\"https:\/\/halohdesign.com\/es\/producto\/collar-de-piedras-solares\/#primaryimage\"},\"thumbnailUrl\":\"https:\/\/halohdesign.com\/wp-content\/uploads\/2024\/10\/IMG_5362.webp\",\"datePublished\":\"2024-10-21T10:01:03+00:00\",\"dateModified\":\"2024-11-19T22:20:28+00:00\",\"breadcrumb\":{\"@id\":\"https:\/\/halohdesign.com\/es\/producto\/collar-de-piedras-solares\/#breadcrumb\"},\"inLanguage\":\"es\",\"potentialAction\":[{\"@type\":\"ReadAction\",\"target\":[\"https:\/\/halohdesign.com\/es\/producto\/collar-de-piedras-solares\/\"]}]},{\"@type\":\"ImageObject\",\"inLanguage\":\"es\",\"@id\":\"https:\/\/halohdesign.com\/es\/producto\/collar-de-piedras-solares\/#primaryimage\",\"url\":\"https:\/\/halohdesign.com\/wp-content\/uploads\/2024\/10\/IMG_5362.webp\",\"contentUrl\":\"https:\/\/halohdesign.com\/wp-content\/uploads\/2024\/10\/IMG_5362.webp\",\"width\":1000,\"height\":677},{\"@type\":\"BreadcrumbList\",\"@id\":\"https:\/\/halohdesign.com\/es\/producto\/collar-de-piedras-solares\/#breadcrumb\",\"itemListElement\":[{\"@type\":\"ListItem\",\"position\":1,\"name\":\"Home\",\"item\":\"https:\/\/halohdesign.com\/es\/inicio\/\"},{\"@type\":\"ListItem\",\"position\":2,\"name\":\"Tienda\",\"item\":\"https:\/\/halohdesign.com\/tienda\/\"},{\"@type\":\"ListItem\",\"position\":3,\"name\":\"Collar con Piedras Solares\"}]},{\"@type\":\"WebSite\",\"@id\":\"https:\/\/halohdesign.com\/#website\",\"url\":\"https:\/\/halohdesign.com\/\",\"name\":\"Haloh Design\",\"description\":\"Handgemaakte juwelen\",\"potentialAction\":[{\"@type\":\"SearchAction\",\"target\":{\"@type\":\"EntryPoint\",\"urlTemplate\":\"https:\/\/halohdesign.com\/?s={search_term_string}\"},\"query-input\":{\"@type\":\"PropertyValueSpecification\",\"valueRequired\":true,\"valueName\":\"search_term_string\"}}],\"inLanguage\":\"es\"}]}<\/script>\n<!-- \/ Yoast SEO plugin. -->","yoast_head_json":{"title":"Collar con Piedras Solares - Haloh Design","robots":{"index":"index","follow":"follow","max-snippet":"max-snippet:-1","max-image-preview":"max-image-preview:large","max-video-preview":"max-video-preview:-1"},"canonical":"https:\/\/halohdesign.com\/es\/producto\/collar-de-piedras-solares\/","og_locale":"es_ES","og_type":"article","og_title":"Collar con Piedras Solares - Haloh Design","og_description":"Collar hecho a mano en diferentes tama\u00f1os de piedras como la Piedra Solar y Cornalina.  \u2713 Deja que brille tu personalidad \u2713 Cada joya es \u00fanica y est\u00e1 hecha a mano \u2713 Piedras preciosas y plata 925 de la mejor calidad \u2713 El regalo perfecto para ti o para un ser querido","og_url":"https:\/\/halohdesign.com\/es\/producto\/collar-de-piedras-solares\/","og_site_name":"Haloh Design","article_modified_time":"2024-11-19T22:20:28+00:00","og_image":[{"width":1000,"height":677,"url":"https:\/\/halohdesign.com\/wp-content\/uploads\/2024\/10\/IMG_5362.webp","type":"image\/webp"}],"twitter_card":"summary_large_image","twitter_misc":{"Tiempo de lectura":"1 minuto"},"schema":{"@context":"https:\/\/schema.org","@graph":[{"@type":"WebPage","@id":"https:\/\/halohdesign.com\/es\/producto\/collar-de-piedras-solares\/","url":"https:\/\/halohdesign.com\/es\/producto\/collar-de-piedras-solares\/","name":"Collar con Piedras Solares - Haloh Design","isPartOf":{"@id":"https:\/\/halohdesign.com\/#website"},"primaryImageOfPage":{"@id":"https:\/\/halohdesign.com\/es\/producto\/collar-de-piedras-solares\/#primaryimage"},"image":{"@id":"https:\/\/halohdesign.com\/es\/producto\/collar-de-piedras-solares\/#primaryimage"},"thumbnailUrl":"https:\/\/halohdesign.com\/wp-content\/uploads\/2024\/10\/IMG_5362.webp","datePublished":"2024-10-21T10:01:03+00:00","dateModified":"2024-11-19T22:20:28+00:00","breadcrumb":{"@id":"https:\/\/halohdesign.com\/es\/producto\/collar-de-piedras-solares\/#breadcrumb"},"inLanguage":"es","potentialAction":[{"@type":"ReadAction","target":["https:\/\/halohdesign.com\/es\/producto\/collar-de-piedras-solares\/"]}]},{"@type":"ImageObject","inLanguage":"es","@id":"https:\/\/halohdesign.com\/es\/producto\/collar-de-piedras-solares\/#primaryimage","url":"https:\/\/halohdesign.com\/wp-content\/uploads\/2024\/10\/IMG_5362.webp","contentUrl":"https:\/\/halohdesign.com\/wp-content\/uploads\/2024\/10\/IMG_5362.webp","width":1000,"height":677},{"@type":"BreadcrumbList","@id":"https:\/\/halohdesign.com\/es\/producto\/collar-de-piedras-solares\/#breadcrumb","itemListElement":[{"@type":"ListItem","position":1,"name":"Home","item":"https:\/\/halohdesign.com\/es\/inicio\/"},{"@type":"ListItem","position":2,"name":"Tienda","item":"https:\/\/halohdesign.com\/tienda\/"},{"@type":"ListItem","position":3,"name":"Collar con Piedras Solares"}]},{"@type":"WebSite","@id":"https:\/\/halohdesign.com\/#website","url":"https:\/\/halohdesign.com\/","name":"Haloh Design","description":"Handgemaakte juwelen","potentialAction":[{"@type":"SearchAction","target":{"@type":"EntryPoint","urlTemplate":"https:\/\/halohdesign.com\/?s={search_term_string}"},"query-input":{"@type":"PropertyValueSpecification","valueRequired":true,"valueName":"search_term_string"}}],"inLanguage":"es"}]}},"_links":{"self":[{"href":"https:\/\/halohdesign.com\/es\/wp-json\/wp\/v2\/product\/3837","targetHints":{"allow":["GET"]}}],"collection":[{"href":"https:\/\/halohdesign.com\/es\/wp-json\/wp\/v2\/product"}],"about":[{"href":"https:\/\/halohdesign.com\/es\/wp-json\/wp\/v2\/types\/product"}],"replies":[{"embeddable":true,"href":"https:\/\/halohdesign.com\/es\/wp-json\/wp\/v2\/comments?post=3837"}],"version-history":[{"count":3,"href":"https:\/\/halohdesign.com\/es\/wp-json\/wp\/v2\/product\/3837\/revisions"}],"predecessor-version":[{"id":4146,"href":"https:\/\/halohdesign.com\/es\/wp-json\/wp\/v2\/product\/3837\/revisions\/4146"}],"wp:featuredmedia":[{"embeddable":true,"href":"https:\/\/halohdesign.com\/es\/wp-json\/wp\/v2\/media\/3245"}],"wp:attachment":[{"href":"https:\/\/halohdesign.com\/es\/wp-json\/wp\/v2\/media?parent=3837"}],"wp:term":[{"taxonomy":"product_cat","embeddable":true,"href":"https:\/\/halohdesign.com\/es\/wp-json\/wp\/v2\/product_cat?post=3837"},{"taxonomy":"product_tag","embeddable":true,"href":"https:\/\/halohdesign.com\/es\/wp-json\/wp\/v2\/product_tag?post=3837"}],"curies":[{"name":"wp","href":"https:\/\/api.w.org\/{rel}","templated":true}]}}