{"id":3832,"date":"2024-10-21T12:05:07","date_gmt":"2024-10-21T12:05:07","guid":{"rendered":"https:\/\/halohdesign.com\/product\/collar-de-ambar-marron\/"},"modified":"2024-11-19T22:05:21","modified_gmt":"2024-11-19T22:05:21","slug":"collar-de-ambar-marron","status":"publish","type":"product","link":"https:\/\/halohdesign.com\/es\/producto\/collar-de-ambar-marron\/","title":{"rendered":"Collar Ambar marr\u00f3n"},"content":{"rendered":"<p>Este hermoso collar hecho a mano est\u00e1 montado con gemas de <strong>\u00c1mbar<\/strong> especialmente marr\u00f3n y <b>Agata<\/b> marr\u00f3n. Como es bien sabido, el \u00e1mbar es conocido por su color marr\u00f3n- anaranjado. Sin embargo, el color marr\u00f3n de esta piedra es excepcional y poco frecuente. Para romper el color marr\u00f3n del colgante, se han a\u00f1adido al collar dos P<strong>erlas cultivadas de agua dulce<\/strong> de color rosa y una piedra natural en forma de bloque con una <strong>\u00c1gata<\/strong>\u00a0rosa adicional.<\/p>\n<p><strong>Significado de las piedras preciosas<\/strong><strong>: <\/strong>La combinaci\u00f3n de <strong>Ambar<\/strong> marr\u00f3n\u00a0 y<strong> Agata<\/strong> es una poderosa mezcla de piedras que juntas simbolizan la energ\u00eda, la protecci\u00f3n y el equilibrio emocional.<\/p>\n","protected":false},"excerpt":{"rendered":"<p>Excepcional \u00c1mbar marr\u00f3n hecho a mano con 2 perlas cultivadas de agua dulce color rosa<\/p>\n<p><span style=\"color: #359f00\"><b>\u2713<\/b><\/span> Deja que brille tu personalidad<br \/>\n<b><span style=\"color: #359f00\">\u2713<\/span> <\/b>Cada joya es \u00fanica y est\u00e1 hecha a mano<br \/>\n<b><span style=\"color: #359f00\">\u2713<\/span> <\/b>Piedras preciosas y plata 925 de la mejor calidad<br \/>\n<b><span style=\"color: #359f00\">\u2713<\/span> <\/b>El regalo perfecto para ti o para tu ser querido<\/p>\n","protected":false},"featured_media":3203,"comment_status":"closed","ping_status":"closed","template":"","meta":[],"product_cat":[374],"product_tag":[339,299,300],"class_list":{"0":"post-3832","1":"product","2":"type-product","3":"status-publish","4":"has-post-thumbnail","6":"product_cat-hechos-a-mano-collares","7":"product_tag-calidad-aaa","8":"product_tag-marca","9":"product_tag-plata","11":"first","12":"instock","13":"taxable","14":"shipping-taxable","15":"purchasable","16":"product-type-simple","17":"add-to-wishlist-after_add_to_cart"},"yoast_head":"<!-- This site is optimized with the Yoast SEO plugin v26.5 - https:\/\/yoast.com\/wordpress\/plugins\/seo\/ -->\n<title>Collar Ambar marr\u00f3n - Haloh Design<\/title>\n<meta name=\"robots\" content=\"index, follow, max-snippet:-1, max-image-preview:large, max-video-preview:-1\" \/>\n<link rel=\"canonical\" href=\"https:\/\/halohdesign.com\/es\/producto\/collar-de-ambar-marron\/\" \/>\n<meta property=\"og:locale\" content=\"es_ES\" \/>\n<meta property=\"og:type\" content=\"article\" \/>\n<meta property=\"og:title\" content=\"Collar Ambar marr\u00f3n - Haloh Design\" \/>\n<meta property=\"og:description\" content=\"Excepcional \u00c1mbar marr\u00f3n hecho a mano con 2 perlas cultivadas de agua dulce color rosa  \u2713 Deja que brille tu personalidad \u2713 Cada joya es \u00fanica y est\u00e1 hecha a mano \u2713 Piedras preciosas y plata 925 de la mejor calidad \u2713 El regalo perfecto para ti o para tu ser querido\" \/>\n<meta property=\"og:url\" content=\"https:\/\/halohdesign.com\/es\/producto\/collar-de-ambar-marron\/\" \/>\n<meta property=\"og:site_name\" content=\"Haloh Design\" \/>\n<meta property=\"article:modified_time\" content=\"2024-11-19T22:05:21+00:00\" \/>\n<meta property=\"og:image\" content=\"https:\/\/halohdesign.com\/wp-content\/uploads\/2024\/10\/IMG_4214.webp\" \/>\n\t<meta property=\"og:image:width\" content=\"1000\" \/>\n\t<meta property=\"og:image:height\" content=\"1504\" \/>\n\t<meta property=\"og:image:type\" content=\"image\/webp\" \/>\n<meta name=\"twitter:card\" content=\"summary_large_image\" \/>\n<meta name=\"twitter:label1\" content=\"Tiempo de lectura\" \/>\n\t<meta name=\"twitter:data1\" content=\"1 minuto\" \/>\n<script type=\"application\/ld+json\" class=\"yoast-schema-graph\">{\"@context\":\"https:\/\/schema.org\",\"@graph\":[{\"@type\":\"WebPage\",\"@id\":\"https:\/\/halohdesign.com\/es\/producto\/collar-de-ambar-marron\/\",\"url\":\"https:\/\/halohdesign.com\/es\/producto\/collar-de-ambar-marron\/\",\"name\":\"Collar Ambar marr\u00f3n - Haloh Design\",\"isPartOf\":{\"@id\":\"https:\/\/halohdesign.com\/#website\"},\"primaryImageOfPage\":{\"@id\":\"https:\/\/halohdesign.com\/es\/producto\/collar-de-ambar-marron\/#primaryimage\"},\"image\":{\"@id\":\"https:\/\/halohdesign.com\/es\/producto\/collar-de-ambar-marron\/#primaryimage\"},\"thumbnailUrl\":\"https:\/\/halohdesign.com\/wp-content\/uploads\/2024\/10\/IMG_4214.webp\",\"datePublished\":\"2024-10-21T12:05:07+00:00\",\"dateModified\":\"2024-11-19T22:05:21+00:00\",\"breadcrumb\":{\"@id\":\"https:\/\/halohdesign.com\/es\/producto\/collar-de-ambar-marron\/#breadcrumb\"},\"inLanguage\":\"es\",\"potentialAction\":[{\"@type\":\"ReadAction\",\"target\":[\"https:\/\/halohdesign.com\/es\/producto\/collar-de-ambar-marron\/\"]}]},{\"@type\":\"ImageObject\",\"inLanguage\":\"es\",\"@id\":\"https:\/\/halohdesign.com\/es\/producto\/collar-de-ambar-marron\/#primaryimage\",\"url\":\"https:\/\/halohdesign.com\/wp-content\/uploads\/2024\/10\/IMG_4214.webp\",\"contentUrl\":\"https:\/\/halohdesign.com\/wp-content\/uploads\/2024\/10\/IMG_4214.webp\",\"width\":1000,\"height\":1504},{\"@type\":\"BreadcrumbList\",\"@id\":\"https:\/\/halohdesign.com\/es\/producto\/collar-de-ambar-marron\/#breadcrumb\",\"itemListElement\":[{\"@type\":\"ListItem\",\"position\":1,\"name\":\"Home\",\"item\":\"https:\/\/halohdesign.com\/es\/inicio\/\"},{\"@type\":\"ListItem\",\"position\":2,\"name\":\"Tienda\",\"item\":\"https:\/\/halohdesign.com\/tienda\/\"},{\"@type\":\"ListItem\",\"position\":3,\"name\":\"Collar Ambar marr\u00f3n\"}]},{\"@type\":\"WebSite\",\"@id\":\"https:\/\/halohdesign.com\/#website\",\"url\":\"https:\/\/halohdesign.com\/\",\"name\":\"Haloh Design\",\"description\":\"Handgemaakte juwelen\",\"potentialAction\":[{\"@type\":\"SearchAction\",\"target\":{\"@type\":\"EntryPoint\",\"urlTemplate\":\"https:\/\/halohdesign.com\/?s={search_term_string}\"},\"query-input\":{\"@type\":\"PropertyValueSpecification\",\"valueRequired\":true,\"valueName\":\"search_term_string\"}}],\"inLanguage\":\"es\"}]}<\/script>\n<!-- \/ Yoast SEO plugin. -->","yoast_head_json":{"title":"Collar Ambar marr\u00f3n - Haloh Design","robots":{"index":"index","follow":"follow","max-snippet":"max-snippet:-1","max-image-preview":"max-image-preview:large","max-video-preview":"max-video-preview:-1"},"canonical":"https:\/\/halohdesign.com\/es\/producto\/collar-de-ambar-marron\/","og_locale":"es_ES","og_type":"article","og_title":"Collar Ambar marr\u00f3n - Haloh Design","og_description":"Excepcional \u00c1mbar marr\u00f3n hecho a mano con 2 perlas cultivadas de agua dulce color rosa  \u2713 Deja que brille tu personalidad \u2713 Cada joya es \u00fanica y est\u00e1 hecha a mano \u2713 Piedras preciosas y plata 925 de la mejor calidad \u2713 El regalo perfecto para ti o para tu ser querido","og_url":"https:\/\/halohdesign.com\/es\/producto\/collar-de-ambar-marron\/","og_site_name":"Haloh Design","article_modified_time":"2024-11-19T22:05:21+00:00","og_image":[{"width":1000,"height":1504,"url":"https:\/\/halohdesign.com\/wp-content\/uploads\/2024\/10\/IMG_4214.webp","type":"image\/webp"}],"twitter_card":"summary_large_image","twitter_misc":{"Tiempo de lectura":"1 minuto"},"schema":{"@context":"https:\/\/schema.org","@graph":[{"@type":"WebPage","@id":"https:\/\/halohdesign.com\/es\/producto\/collar-de-ambar-marron\/","url":"https:\/\/halohdesign.com\/es\/producto\/collar-de-ambar-marron\/","name":"Collar Ambar marr\u00f3n - Haloh Design","isPartOf":{"@id":"https:\/\/halohdesign.com\/#website"},"primaryImageOfPage":{"@id":"https:\/\/halohdesign.com\/es\/producto\/collar-de-ambar-marron\/#primaryimage"},"image":{"@id":"https:\/\/halohdesign.com\/es\/producto\/collar-de-ambar-marron\/#primaryimage"},"thumbnailUrl":"https:\/\/halohdesign.com\/wp-content\/uploads\/2024\/10\/IMG_4214.webp","datePublished":"2024-10-21T12:05:07+00:00","dateModified":"2024-11-19T22:05:21+00:00","breadcrumb":{"@id":"https:\/\/halohdesign.com\/es\/producto\/collar-de-ambar-marron\/#breadcrumb"},"inLanguage":"es","potentialAction":[{"@type":"ReadAction","target":["https:\/\/halohdesign.com\/es\/producto\/collar-de-ambar-marron\/"]}]},{"@type":"ImageObject","inLanguage":"es","@id":"https:\/\/halohdesign.com\/es\/producto\/collar-de-ambar-marron\/#primaryimage","url":"https:\/\/halohdesign.com\/wp-content\/uploads\/2024\/10\/IMG_4214.webp","contentUrl":"https:\/\/halohdesign.com\/wp-content\/uploads\/2024\/10\/IMG_4214.webp","width":1000,"height":1504},{"@type":"BreadcrumbList","@id":"https:\/\/halohdesign.com\/es\/producto\/collar-de-ambar-marron\/#breadcrumb","itemListElement":[{"@type":"ListItem","position":1,"name":"Home","item":"https:\/\/halohdesign.com\/es\/inicio\/"},{"@type":"ListItem","position":2,"name":"Tienda","item":"https:\/\/halohdesign.com\/tienda\/"},{"@type":"ListItem","position":3,"name":"Collar Ambar marr\u00f3n"}]},{"@type":"WebSite","@id":"https:\/\/halohdesign.com\/#website","url":"https:\/\/halohdesign.com\/","name":"Haloh Design","description":"Handgemaakte juwelen","potentialAction":[{"@type":"SearchAction","target":{"@type":"EntryPoint","urlTemplate":"https:\/\/halohdesign.com\/?s={search_term_string}"},"query-input":{"@type":"PropertyValueSpecification","valueRequired":true,"valueName":"search_term_string"}}],"inLanguage":"es"}]}},"_links":{"self":[{"href":"https:\/\/halohdesign.com\/es\/wp-json\/wp\/v2\/product\/3832","targetHints":{"allow":["GET"]}}],"collection":[{"href":"https:\/\/halohdesign.com\/es\/wp-json\/wp\/v2\/product"}],"about":[{"href":"https:\/\/halohdesign.com\/es\/wp-json\/wp\/v2\/types\/product"}],"replies":[{"embeddable":true,"href":"https:\/\/halohdesign.com\/es\/wp-json\/wp\/v2\/comments?post=3832"}],"version-history":[{"count":5,"href":"https:\/\/halohdesign.com\/es\/wp-json\/wp\/v2\/product\/3832\/revisions"}],"predecessor-version":[{"id":4140,"href":"https:\/\/halohdesign.com\/es\/wp-json\/wp\/v2\/product\/3832\/revisions\/4140"}],"wp:featuredmedia":[{"embeddable":true,"href":"https:\/\/halohdesign.com\/es\/wp-json\/wp\/v2\/media\/3203"}],"wp:attachment":[{"href":"https:\/\/halohdesign.com\/es\/wp-json\/wp\/v2\/media?parent=3832"}],"wp:term":[{"taxonomy":"product_cat","embeddable":true,"href":"https:\/\/halohdesign.com\/es\/wp-json\/wp\/v2\/product_cat?post=3832"},{"taxonomy":"product_tag","embeddable":true,"href":"https:\/\/halohdesign.com\/es\/wp-json\/wp\/v2\/product_tag?post=3832"}],"curies":[{"name":"wp","href":"https:\/\/api.w.org\/{rel}","templated":true}]}}