{"id":3798,"date":"2024-10-10T12:11:26","date_gmt":"2024-10-10T12:11:26","guid":{"rendered":"https:\/\/halohdesign.com\/product\/anillo-granate-rojo\/"},"modified":"2024-12-05T09:39:55","modified_gmt":"2024-12-05T09:39:55","slug":"anillo-granate-rojo","status":"publish","type":"product","link":"https:\/\/halohdesign.com\/es\/producto\/anillo-granate-rojo\/","title":{"rendered":"Anillo granate rojo"},"content":{"rendered":"<p>Este anillo hecho a mano consta de un engaste de plata 925 y un cabuj\u00f3n de granate.<br \/>\nTiene un color rojo intenso.<br \/>\nLa piedra preciosa procede de la India.<br \/>\n<strong>Significado de la piedra: <\/strong>El Granate Rojo es conocido por la energ\u00eda y la vitalidad, la pasi\u00f3n y la creatividad, la protecci\u00f3n, el amor y las relaciones.  <\/p>\n","protected":false},"excerpt":{"rendered":"<p>Anillo de plata 925 hecho a mano con una gema cabuj\u00f3n de granate rojo intenso.<\/p>\n<p><span style=\"color: #359f00\"><b>\u2713<\/b><\/span> Deja que brille tu personalidad<br \/>\n<b><span style=\"color: #359f00\">\u2713<\/span> <\/b>Cada joya es \u00fanica y est\u00e1 hecha a mano<br \/>\n<b><span style=\"color: #359f00\">\u2713<\/span> <\/b>Piedras preciosas y plata 925 de la mejor calidad<br \/>\n<b><span style=\"color: #359f00\">\u2713<\/span> <\/b>El regalo perfecto para ti o para un ser querido<\/p>\n","protected":false},"featured_media":2991,"comment_status":"closed","ping_status":"closed","template":"","meta":[],"product_cat":[306],"product_tag":[299,300],"class_list":{"0":"post-3798","1":"product","2":"type-product","3":"status-publish","4":"has-post-thumbnail","6":"product_cat-hechos-a-mano-anillos","7":"product_tag-marca","8":"product_tag-plata","10":"first","11":"instock","12":"taxable","13":"shipping-taxable","14":"purchasable","15":"product-type-simple","16":"add-to-wishlist-after_add_to_cart"},"yoast_head":"<!-- This site is optimized with the Yoast SEO plugin v26.5 - https:\/\/yoast.com\/wordpress\/plugins\/seo\/ -->\n<title>Anillo granate rojo - Haloh Design<\/title>\n<meta name=\"robots\" content=\"index, follow, max-snippet:-1, max-image-preview:large, max-video-preview:-1\" \/>\n<link rel=\"canonical\" href=\"https:\/\/halohdesign.com\/es\/producto\/anillo-granate-rojo\/\" \/>\n<meta property=\"og:locale\" content=\"es_ES\" \/>\n<meta property=\"og:type\" content=\"article\" \/>\n<meta property=\"og:title\" content=\"Anillo granate rojo - Haloh Design\" \/>\n<meta property=\"og:description\" content=\"Anillo de plata 925 hecho a mano con una gema cabuj\u00f3n de granate rojo intenso. \u2713 Deja que brille tu personalidad \u2713 Cada joya es \u00fanica y est\u00e1 hecha a mano \u2713 Piedras preciosas y plata 925 de la mejor calidad \u2713 El regalo perfecto para ti o para un ser querido\" \/>\n<meta property=\"og:url\" content=\"https:\/\/halohdesign.com\/es\/producto\/anillo-granate-rojo\/\" \/>\n<meta property=\"og:site_name\" content=\"Haloh Design\" \/>\n<meta property=\"article:modified_time\" content=\"2024-12-05T09:39:55+00:00\" \/>\n<meta property=\"og:image\" content=\"https:\/\/halohdesign.com\/wp-content\/uploads\/2024\/10\/IMG_4643-1.webp\" \/>\n\t<meta property=\"og:image:width\" content=\"1000\" \/>\n\t<meta property=\"og:image:height\" content=\"1010\" \/>\n\t<meta property=\"og:image:type\" content=\"image\/webp\" \/>\n<meta name=\"twitter:card\" content=\"summary_large_image\" \/>\n<meta name=\"twitter:label1\" content=\"Tiempo de lectura\" \/>\n\t<meta name=\"twitter:data1\" content=\"1 minuto\" \/>\n<script type=\"application\/ld+json\" class=\"yoast-schema-graph\">{\"@context\":\"https:\/\/schema.org\",\"@graph\":[{\"@type\":\"WebPage\",\"@id\":\"https:\/\/halohdesign.com\/es\/producto\/anillo-granate-rojo\/\",\"url\":\"https:\/\/halohdesign.com\/es\/producto\/anillo-granate-rojo\/\",\"name\":\"Anillo granate rojo - Haloh Design\",\"isPartOf\":{\"@id\":\"https:\/\/halohdesign.com\/#website\"},\"primaryImageOfPage\":{\"@id\":\"https:\/\/halohdesign.com\/es\/producto\/anillo-granate-rojo\/#primaryimage\"},\"image\":{\"@id\":\"https:\/\/halohdesign.com\/es\/producto\/anillo-granate-rojo\/#primaryimage\"},\"thumbnailUrl\":\"https:\/\/halohdesign.com\/wp-content\/uploads\/2024\/10\/IMG_4643-1.webp\",\"datePublished\":\"2024-10-10T12:11:26+00:00\",\"dateModified\":\"2024-12-05T09:39:55+00:00\",\"breadcrumb\":{\"@id\":\"https:\/\/halohdesign.com\/es\/producto\/anillo-granate-rojo\/#breadcrumb\"},\"inLanguage\":\"es\",\"potentialAction\":[{\"@type\":\"ReadAction\",\"target\":[\"https:\/\/halohdesign.com\/es\/producto\/anillo-granate-rojo\/\"]}]},{\"@type\":\"ImageObject\",\"inLanguage\":\"es\",\"@id\":\"https:\/\/halohdesign.com\/es\/producto\/anillo-granate-rojo\/#primaryimage\",\"url\":\"https:\/\/halohdesign.com\/wp-content\/uploads\/2024\/10\/IMG_4643-1.webp\",\"contentUrl\":\"https:\/\/halohdesign.com\/wp-content\/uploads\/2024\/10\/IMG_4643-1.webp\",\"width\":1000,\"height\":1010},{\"@type\":\"BreadcrumbList\",\"@id\":\"https:\/\/halohdesign.com\/es\/producto\/anillo-granate-rojo\/#breadcrumb\",\"itemListElement\":[{\"@type\":\"ListItem\",\"position\":1,\"name\":\"Home\",\"item\":\"https:\/\/halohdesign.com\/es\/inicio\/\"},{\"@type\":\"ListItem\",\"position\":2,\"name\":\"Tienda\",\"item\":\"https:\/\/halohdesign.com\/tienda\/\"},{\"@type\":\"ListItem\",\"position\":3,\"name\":\"Anillo granate rojo\"}]},{\"@type\":\"WebSite\",\"@id\":\"https:\/\/halohdesign.com\/#website\",\"url\":\"https:\/\/halohdesign.com\/\",\"name\":\"Haloh Design\",\"description\":\"Handgemaakte juwelen\",\"potentialAction\":[{\"@type\":\"SearchAction\",\"target\":{\"@type\":\"EntryPoint\",\"urlTemplate\":\"https:\/\/halohdesign.com\/?s={search_term_string}\"},\"query-input\":{\"@type\":\"PropertyValueSpecification\",\"valueRequired\":true,\"valueName\":\"search_term_string\"}}],\"inLanguage\":\"es\"}]}<\/script>\n<!-- \/ Yoast SEO plugin. -->","yoast_head_json":{"title":"Anillo granate rojo - Haloh Design","robots":{"index":"index","follow":"follow","max-snippet":"max-snippet:-1","max-image-preview":"max-image-preview:large","max-video-preview":"max-video-preview:-1"},"canonical":"https:\/\/halohdesign.com\/es\/producto\/anillo-granate-rojo\/","og_locale":"es_ES","og_type":"article","og_title":"Anillo granate rojo - Haloh Design","og_description":"Anillo de plata 925 hecho a mano con una gema cabuj\u00f3n de granate rojo intenso. \u2713 Deja que brille tu personalidad \u2713 Cada joya es \u00fanica y est\u00e1 hecha a mano \u2713 Piedras preciosas y plata 925 de la mejor calidad \u2713 El regalo perfecto para ti o para un ser querido","og_url":"https:\/\/halohdesign.com\/es\/producto\/anillo-granate-rojo\/","og_site_name":"Haloh Design","article_modified_time":"2024-12-05T09:39:55+00:00","og_image":[{"width":1000,"height":1010,"url":"https:\/\/halohdesign.com\/wp-content\/uploads\/2024\/10\/IMG_4643-1.webp","type":"image\/webp"}],"twitter_card":"summary_large_image","twitter_misc":{"Tiempo de lectura":"1 minuto"},"schema":{"@context":"https:\/\/schema.org","@graph":[{"@type":"WebPage","@id":"https:\/\/halohdesign.com\/es\/producto\/anillo-granate-rojo\/","url":"https:\/\/halohdesign.com\/es\/producto\/anillo-granate-rojo\/","name":"Anillo granate rojo - Haloh Design","isPartOf":{"@id":"https:\/\/halohdesign.com\/#website"},"primaryImageOfPage":{"@id":"https:\/\/halohdesign.com\/es\/producto\/anillo-granate-rojo\/#primaryimage"},"image":{"@id":"https:\/\/halohdesign.com\/es\/producto\/anillo-granate-rojo\/#primaryimage"},"thumbnailUrl":"https:\/\/halohdesign.com\/wp-content\/uploads\/2024\/10\/IMG_4643-1.webp","datePublished":"2024-10-10T12:11:26+00:00","dateModified":"2024-12-05T09:39:55+00:00","breadcrumb":{"@id":"https:\/\/halohdesign.com\/es\/producto\/anillo-granate-rojo\/#breadcrumb"},"inLanguage":"es","potentialAction":[{"@type":"ReadAction","target":["https:\/\/halohdesign.com\/es\/producto\/anillo-granate-rojo\/"]}]},{"@type":"ImageObject","inLanguage":"es","@id":"https:\/\/halohdesign.com\/es\/producto\/anillo-granate-rojo\/#primaryimage","url":"https:\/\/halohdesign.com\/wp-content\/uploads\/2024\/10\/IMG_4643-1.webp","contentUrl":"https:\/\/halohdesign.com\/wp-content\/uploads\/2024\/10\/IMG_4643-1.webp","width":1000,"height":1010},{"@type":"BreadcrumbList","@id":"https:\/\/halohdesign.com\/es\/producto\/anillo-granate-rojo\/#breadcrumb","itemListElement":[{"@type":"ListItem","position":1,"name":"Home","item":"https:\/\/halohdesign.com\/es\/inicio\/"},{"@type":"ListItem","position":2,"name":"Tienda","item":"https:\/\/halohdesign.com\/tienda\/"},{"@type":"ListItem","position":3,"name":"Anillo granate rojo"}]},{"@type":"WebSite","@id":"https:\/\/halohdesign.com\/#website","url":"https:\/\/halohdesign.com\/","name":"Haloh Design","description":"Handgemaakte juwelen","potentialAction":[{"@type":"SearchAction","target":{"@type":"EntryPoint","urlTemplate":"https:\/\/halohdesign.com\/?s={search_term_string}"},"query-input":{"@type":"PropertyValueSpecification","valueRequired":true,"valueName":"search_term_string"}}],"inLanguage":"es"}]}},"_links":{"self":[{"href":"https:\/\/halohdesign.com\/es\/wp-json\/wp\/v2\/product\/3798","targetHints":{"allow":["GET"]}}],"collection":[{"href":"https:\/\/halohdesign.com\/es\/wp-json\/wp\/v2\/product"}],"about":[{"href":"https:\/\/halohdesign.com\/es\/wp-json\/wp\/v2\/types\/product"}],"replies":[{"embeddable":true,"href":"https:\/\/halohdesign.com\/es\/wp-json\/wp\/v2\/comments?post=3798"}],"version-history":[{"count":3,"href":"https:\/\/halohdesign.com\/es\/wp-json\/wp\/v2\/product\/3798\/revisions"}],"predecessor-version":[{"id":4457,"href":"https:\/\/halohdesign.com\/es\/wp-json\/wp\/v2\/product\/3798\/revisions\/4457"}],"wp:featuredmedia":[{"embeddable":true,"href":"https:\/\/halohdesign.com\/es\/wp-json\/wp\/v2\/media\/2991"}],"wp:attachment":[{"href":"https:\/\/halohdesign.com\/es\/wp-json\/wp\/v2\/media?parent=3798"}],"wp:term":[{"taxonomy":"product_cat","embeddable":true,"href":"https:\/\/halohdesign.com\/es\/wp-json\/wp\/v2\/product_cat?post=3798"},{"taxonomy":"product_tag","embeddable":true,"href":"https:\/\/halohdesign.com\/es\/wp-json\/wp\/v2\/product_tag?post=3798"}],"curies":[{"name":"wp","href":"https:\/\/api.w.org\/{rel}","templated":true}]}}