{"id":3686,"date":"2023-02-17T11:17:53","date_gmt":"2023-02-17T11:17:53","guid":{"rendered":"https:\/\/halohdesign.com\/preguntas-frecuentes\/"},"modified":"2024-11-18T10:59:03","modified_gmt":"2024-11-18T10:59:03","slug":"preguntas-frecuentes","status":"publish","type":"page","link":"https:\/\/halohdesign.com\/es\/preguntas-frecuentes\/","title":{"rendered":"PREGUNTAS FRECUENTES"},"content":{"rendered":"\t\t<div data-elementor-type=\"wp-page\" data-elementor-id=\"3686\" class=\"elementor elementor-3686 elementor-122\" data-elementor-post-type=\"page\">\n\t\t\t\t\t\t<section class=\"elementor-section elementor-top-section elementor-element elementor-element-5e8d048 elementor-section-boxed elementor-section-height-default elementor-section-height-default\" data-id=\"5e8d048\" data-element_type=\"section\">\n\t\t\t\t\t\t<div class=\"elementor-container elementor-column-gap-default\">\n\t\t\t\t\t<div class=\"elementor-column elementor-col-33 elementor-top-column elementor-element elementor-element-f090efe\" data-id=\"f090efe\" data-element_type=\"column\">\n\t\t\t<div class=\"elementor-widget-wrap elementor-element-populated\">\n\t\t\t\t\t\t<div class=\"elementor-element elementor-element-8bc9613 elementor-widget elementor-widget-pls-heading\" data-id=\"8bc9613\" data-element_type=\"widget\" data-widget_type=\"pls-heading.default\">\n\t\t\t\t<div class=\"elementor-widget-container\">\n\t\t\t\t\t<div id=\"pls-header-7995\" class=\"pls-element pls-heading separator-line\">\t\n\t\t\t\n\t\t\t<div class=\"heading-wrap\">\n\t\t\t<span class=\"separator-left\"><\/span>\n\t\t\t<h2 class=\"heading-title\">De compras<\/h2>\t\t\t<span class=\"separator-right\"><\/span>\n\t\t\t\t\t<\/div>\n\t\t\n    <\/div>\t\t\t\t<\/div>\n\t\t\t\t<\/div>\n\t\t\t\t\t<\/div>\n\t\t<\/div>\n\t\t\t\t<div class=\"elementor-column elementor-col-66 elementor-top-column elementor-element elementor-element-1256489\" data-id=\"1256489\" data-element_type=\"column\">\n\t\t\t<div class=\"elementor-widget-wrap elementor-element-populated\">\n\t\t\t\t\t\t<div class=\"elementor-element elementor-element-9301962 elementor-widget elementor-widget-pls-accordion\" data-id=\"9301962\" data-element_type=\"widget\" data-widget_type=\"pls-accordion.default\">\n\t\t\t\t<div class=\"elementor-widget-container\">\n\t\t\t\t\t\n<div id=\"pls-accordion-87247\" class=\"pls-element pls-accordion panel-group align-left icon-position-right\">\t\n\t\t\t\n\t\t<div class=\"card pls-accordion-item\">\n\t\t\t<div class=\"card-header accordion-title\">\n\t\t\t\t<h4 class=\"card-title\">\n\t\t\t\t\t<a class=\"card-link open\" href=\"#elementor-tab-title-1541\" data-style=\"default\">\n\t\t\t\t\t\u00bfC\u00f3mo se fabrican las joyas?\t\t\t\t\t<\/a>\n\t\t\t\t<\/h4>\n\t\t\t<\/div>\n\t\t\t<div id=\"elementor-tab-title-1541\" class=\"collapse accordion-tab-content show\">\n\t\t\t\t<div class=\"card-body\">\n\t\t\t\t\t<p>Todas las joyas de Haloh Design est\u00e1n hechas a mano por Alicia, nuestra propietaria. Cada pieza se elabora cuidadosamente con atenci\u00f3n al detalle y destreza, haciendo que cada joya sea \u00fanica.<\/p>\n\t\t\t\t<\/div>\n\t\t\t<\/div>\n\t\t<\/div>\n\t\t\t\n\t\t<div class=\"card pls-accordion-item\">\n\t\t\t<div class=\"card-header accordion-title\">\n\t\t\t\t<h4 class=\"card-title\">\n\t\t\t\t\t<a class=\"card-link \" href=\"#elementor-tab-title-1543\" data-style=\"default\">\n\t\t\t\t\t\u00bfSon duraderos los materiales?\t\t\t\t\t<\/a>\n\t\t\t\t<\/h4>\n\t\t\t<\/div>\n\t\t\t<div id=\"elementor-tab-title-1543\" class=\"collapse accordion-tab-content \">\n\t\t\t\t<div class=\"card-body\">\n\t\t\t\t\t<p>S\u00ed, utilizamos materiales duraderos y de alta calidad, como oro de 14 quilates, plata y piedras preciosas naturales. Nuestras joyas est\u00e1n dise\u00f1adas para durar y conservar su belleza.<\/p>\n\t\t\t\t<\/div>\n\t\t\t<\/div>\n\t\t<\/div>\n\t\t\t\n\t\t<div class=\"card pls-accordion-item\">\n\t\t\t<div class=\"card-header accordion-title\">\n\t\t\t\t<h4 class=\"card-title\">\n\t\t\t\t\t<a class=\"card-link \" href=\"#elementor-tab-title-1545\" data-style=\"default\">\n\t\t\t\t\t\u00bfPuedo solicitar un dise\u00f1o personalizado?\t\t\t\t\t<\/a>\n\t\t\t\t<\/h4>\n\t\t\t<\/div>\n\t\t\t<div id=\"elementor-tab-title-1545\" class=\"collapse accordion-tab-content \">\n\t\t\t\t<div class=\"card-body\">\n\t\t\t\t\t<p>Por el momento, no ofrecemos dise\u00f1os totalmente personalizados, pero siempre puedes ponerte en contacto con nosotros para requisitos espec\u00edficos o personalizaciones dentro de nuestra colecci\u00f3n.<\/p>\n\t\t\t\t<\/div>\n\t\t\t<\/div>\n\t\t<\/div>\n\t<\/div>\t\t\t\t<\/div>\n\t\t\t\t<\/div>\n\t\t\t\t\t<\/div>\n\t\t<\/div>\n\t\t\t\t\t<\/div>\n\t\t<\/section>\n\t\t\t\t<section class=\"elementor-section elementor-top-section elementor-element elementor-element-530dca6 elementor-section-boxed elementor-section-height-default elementor-section-height-default\" data-id=\"530dca6\" data-element_type=\"section\">\n\t\t\t\t\t\t<div class=\"elementor-container elementor-column-gap-default\">\n\t\t\t\t\t<div class=\"elementor-column elementor-col-100 elementor-top-column elementor-element elementor-element-0ef0499\" data-id=\"0ef0499\" data-element_type=\"column\">\n\t\t\t<div class=\"elementor-widget-wrap elementor-element-populated\">\n\t\t\t\t\t\t<div class=\"elementor-element elementor-element-892c903 elementor-widget-divider--view-line elementor-widget elementor-widget-divider\" data-id=\"892c903\" data-element_type=\"widget\" data-widget_type=\"divider.default\">\n\t\t\t\t<div class=\"elementor-widget-container\">\n\t\t\t\t\t\t\t<div class=\"elementor-divider\">\n\t\t\t<span class=\"elementor-divider-separator\">\n\t\t\t\t\t\t<\/span>\n\t\t<\/div>\n\t\t\t\t\t\t<\/div>\n\t\t\t\t<\/div>\n\t\t\t\t\t<\/div>\n\t\t<\/div>\n\t\t\t\t\t<\/div>\n\t\t<\/section>\n\t\t\t\t<section class=\"elementor-section elementor-top-section elementor-element elementor-element-864f8d7 elementor-section-boxed elementor-section-height-default elementor-section-height-default\" data-id=\"864f8d7\" data-element_type=\"section\">\n\t\t\t\t\t\t<div class=\"elementor-container elementor-column-gap-default\">\n\t\t\t\t\t<div class=\"elementor-column elementor-col-33 elementor-top-column elementor-element elementor-element-6aa49a0\" data-id=\"6aa49a0\" data-element_type=\"column\">\n\t\t\t<div class=\"elementor-widget-wrap elementor-element-populated\">\n\t\t\t\t\t\t<div class=\"elementor-element elementor-element-a12bca8 elementor-widget elementor-widget-pls-heading\" data-id=\"a12bca8\" data-element_type=\"widget\" data-widget_type=\"pls-heading.default\">\n\t\t\t\t<div class=\"elementor-widget-container\">\n\t\t\t\t\t<div id=\"pls-header-67214\" class=\"pls-element pls-heading separator-line\">\t\n\t\t\t\n\t\t\t<div class=\"heading-wrap\">\n\t\t\t<span class=\"separator-left\"><\/span>\n\t\t\t<h2 class=\"heading-title\">Paga  <\/h2>\t\t\t<span class=\"separator-right\"><\/span>\n\t\t\t\t\t<\/div>\n\t\t\n    <\/div>\t\t\t\t<\/div>\n\t\t\t\t<\/div>\n\t\t\t\t\t<\/div>\n\t\t<\/div>\n\t\t\t\t<div class=\"elementor-column elementor-col-66 elementor-top-column elementor-element elementor-element-343b6f3\" data-id=\"343b6f3\" data-element_type=\"column\">\n\t\t\t<div class=\"elementor-widget-wrap elementor-element-populated\">\n\t\t\t\t\t\t<div class=\"elementor-element elementor-element-d275ea1 elementor-widget elementor-widget-pls-accordion\" data-id=\"d275ea1\" data-element_type=\"widget\" data-widget_type=\"pls-accordion.default\">\n\t\t\t\t<div class=\"elementor-widget-container\">\n\t\t\t\t\t\n<div id=\"pls-accordion-25259\" class=\"pls-element pls-accordion panel-group align-left icon-position-right\">\t\n\t\t\t\n\t\t<div class=\"card pls-accordion-item\">\n\t\t\t<div class=\"card-header accordion-title\">\n\t\t\t\t<h4 class=\"card-title\">\n\t\t\t\t\t<a class=\"card-link open\" href=\"#elementor-tab-title-2201\" data-style=\"default\">\n\t\t\t\t\t\u00bfQu\u00e9 m\u00e9todos de pago acept\u00e1is?\t\t\t\t\t<\/a>\n\t\t\t\t<\/h4>\n\t\t\t<\/div>\n\t\t\t<div id=\"elementor-tab-title-2201\" class=\"collapse accordion-tab-content show\">\n\t\t\t\t<div class=\"card-body\">\n\t\t\t\t\t<p>Aceptamos una amplia gama de m\u00e9todos de pago, como iDEAL, tarjetas de cr\u00e9dito (Visa, MasterCard), PayPal y Apple Pay.<\/p>\n\t\t\t\t<\/div>\n\t\t\t<\/div>\n\t\t<\/div>\n\t\t\t\n\t\t<div class=\"card pls-accordion-item\">\n\t\t\t<div class=\"card-header accordion-title\">\n\t\t\t\t<h4 class=\"card-title\">\n\t\t\t\t\t<a class=\"card-link \" href=\"#elementor-tab-title-2203\" data-style=\"default\">\n\t\t\t\t\t\u00bfEs seguro pagar por Internet?\t\t\t\t\t<\/a>\n\t\t\t\t<\/h4>\n\t\t\t<\/div>\n\t\t\t<div id=\"elementor-tab-title-2203\" class=\"collapse accordion-tab-content \">\n\t\t\t\t<div class=\"card-body\">\n\t\t\t\t\t<p>S\u00ed, todos nuestros pagos se procesan a trav\u00e9s de una conexi\u00f3n segura y encriptada, por lo que tus datos est\u00e1n seguros. Utilizamos proveedores de pago l\u00edderes para garantizarte una experiencia segura.<\/p><\/p>\n\t\t\t\t<\/div>\n\t\t\t<\/div>\n\t\t<\/div>\n\t\t\t\n\t\t<div class=\"card pls-accordion-item\">\n\t\t\t<div class=\"card-header accordion-title\">\n\t\t\t\t<h4 class=\"card-title\">\n\t\t\t\t\t<a class=\"card-link \" href=\"#elementor-tab-title-2205\" data-style=\"default\">\n\t\t\t\t\t\u00bfPuedo pagar despu\u00e9s?\t\t\t\t\t<\/a>\n\t\t\t\t<\/h4>\n\t\t\t<\/div>\n\t\t\t<div id=\"elementor-tab-title-2205\" class=\"collapse accordion-tab-content \">\n\t\t\t\t<div class=\"card-body\">\n\t\t\t\t\t<p>No, no ofrecemos la opci\u00f3n de pospago a trav\u00e9s de Klarna. Sin embargo, puedes pagar de forma segura con tu banco a trav\u00e9s de iDeal.<\/p>\n\t\t\t\t<\/div>\n\t\t\t<\/div>\n\t\t<\/div>\n\t<\/div>\t\t\t\t<\/div>\n\t\t\t\t<\/div>\n\t\t\t\t\t<\/div>\n\t\t<\/div>\n\t\t\t\t\t<\/div>\n\t\t<\/section>\n\t\t\t\t<section class=\"elementor-section elementor-top-section elementor-element elementor-element-ab6135c elementor-section-boxed elementor-section-height-default elementor-section-height-default\" data-id=\"ab6135c\" data-element_type=\"section\">\n\t\t\t\t\t\t<div class=\"elementor-container elementor-column-gap-default\">\n\t\t\t\t\t<div class=\"elementor-column elementor-col-100 elementor-top-column elementor-element elementor-element-0b4f0ed\" data-id=\"0b4f0ed\" data-element_type=\"column\">\n\t\t\t<div class=\"elementor-widget-wrap elementor-element-populated\">\n\t\t\t\t\t\t<div class=\"elementor-element elementor-element-8d1a305 elementor-widget-divider--view-line elementor-widget elementor-widget-divider\" data-id=\"8d1a305\" data-element_type=\"widget\" data-widget_type=\"divider.default\">\n\t\t\t\t<div class=\"elementor-widget-container\">\n\t\t\t\t\t\t\t<div class=\"elementor-divider\">\n\t\t\t<span class=\"elementor-divider-separator\">\n\t\t\t\t\t\t<\/span>\n\t\t<\/div>\n\t\t\t\t\t\t<\/div>\n\t\t\t\t<\/div>\n\t\t\t\t\t<\/div>\n\t\t<\/div>\n\t\t\t\t\t<\/div>\n\t\t<\/section>\n\t\t\t\t<section class=\"elementor-section elementor-top-section elementor-element elementor-element-9d1a487 elementor-section-boxed elementor-section-height-default elementor-section-height-default\" data-id=\"9d1a487\" data-element_type=\"section\">\n\t\t\t\t\t\t<div class=\"elementor-container elementor-column-gap-default\">\n\t\t\t\t\t<div class=\"elementor-column elementor-col-33 elementor-top-column elementor-element elementor-element-ed693c6\" data-id=\"ed693c6\" data-element_type=\"column\">\n\t\t\t<div class=\"elementor-widget-wrap elementor-element-populated\">\n\t\t\t\t\t\t<div class=\"elementor-element elementor-element-0db5cfb elementor-widget elementor-widget-pls-heading\" data-id=\"0db5cfb\" data-element_type=\"widget\" data-widget_type=\"pls-heading.default\">\n\t\t\t\t<div class=\"elementor-widget-container\">\n\t\t\t\t\t<div id=\"pls-header-26542\" class=\"pls-element pls-heading separator-line\">\t\n\t\t\t\n\t\t\t<div class=\"heading-wrap\">\n\t\t\t<span class=\"separator-left\"><\/span>\n\t\t\t<h3 class=\"heading-title\">Pedidos<\/h3>\t\t\t<span class=\"separator-right\"><\/span>\n\t\t\t\t\t<\/div>\n\t\t\n    <\/div>\t\t\t\t<\/div>\n\t\t\t\t<\/div>\n\t\t\t\t\t<\/div>\n\t\t<\/div>\n\t\t\t\t<div class=\"elementor-column elementor-col-66 elementor-top-column elementor-element elementor-element-527487e\" data-id=\"527487e\" data-element_type=\"column\">\n\t\t\t<div class=\"elementor-widget-wrap elementor-element-populated\">\n\t\t\t\t\t\t<div class=\"elementor-element elementor-element-0c69797 elementor-widget elementor-widget-pls-accordion\" data-id=\"0c69797\" data-element_type=\"widget\" data-widget_type=\"pls-accordion.default\">\n\t\t\t\t<div class=\"elementor-widget-container\">\n\t\t\t\t\t\n<div id=\"pls-accordion-60232\" class=\"pls-element pls-accordion panel-group align-left icon-position-right\">\t\n\t\t\t\n\t\t<div class=\"card pls-accordion-item\">\n\t\t\t<div class=\"card-header accordion-title\">\n\t\t\t\t<h4 class=\"card-title\">\n\t\t\t\t\t<a class=\"card-link open\" href=\"#elementor-tab-title-1301\" data-style=\"default\">\n\t\t\t\t\t\u00bfC\u00f3mo s\u00e9 si mi pedido se ha realizado correctamente?\t\t\t\t\t<\/a>\n\t\t\t\t<\/h4>\n\t\t\t<\/div>\n\t\t\t<div id=\"elementor-tab-title-1301\" class=\"collapse accordion-tab-content show\">\n\t\t\t\t<div class=\"card-body\">\n\t\t\t\t\t<p>Tras completar tu pedido, recibir\u00e1s un correo electr\u00f3nico de confirmaci\u00f3n con los detalles del mismo. Si no has recibido ning\u00fan correo electr\u00f3nico, comprueba tu carpeta de correo no deseado o ponte en contacto con nosotros.<\/p>\n\t\t\t\t<\/div>\n\t\t\t<\/div>\n\t\t<\/div>\n\t\t\t\n\t\t<div class=\"card pls-accordion-item\">\n\t\t\t<div class=\"card-header accordion-title\">\n\t\t\t\t<h4 class=\"card-title\">\n\t\t\t\t\t<a class=\"card-link \" href=\"#elementor-tab-title-1303\" data-style=\"default\">\n\t\t\t\t\t\u00bfCu\u00e1nto tardar\u00e9 en recibir mi pedido?\t\t\t\t\t<\/a>\n\t\t\t\t<\/h4>\n\t\t\t<\/div>\n\t\t\t<div id=\"elementor-tab-title-1303\" class=\"collapse accordion-tab-content \">\n\t\t\t\t<div class=\"card-body\">\n\t\t\t\t\t<p>Como nuestras joyas est\u00e1n hechas a mano, el plazo de entrega puede variar. Normalmente enviamos tu pedido en un plazo de 5-7 d\u00edas laborables. Recibir\u00e1s un c\u00f3digo de seguimiento y localizaci\u00f3n en cuanto se haya enviado tu pedido.<\/p>\n\t\t\t\t<\/div>\n\t\t\t<\/div>\n\t\t<\/div>\n\t\t\t\n\t\t<div class=\"card pls-accordion-item\">\n\t\t\t<div class=\"card-header accordion-title\">\n\t\t\t\t<h4 class=\"card-title\">\n\t\t\t\t\t<a class=\"card-link \" href=\"#elementor-tab-title-1305\" data-style=\"default\">\n\t\t\t\t\t\u00bfPuedo cambiar mi pedido?\t\t\t\t\t<\/a>\n\t\t\t\t<\/h4>\n\t\t\t<\/div>\n\t\t\t<div id=\"elementor-tab-title-1305\" class=\"collapse accordion-tab-content \">\n\t\t\t\t<div class=\"card-body\">\n\t\t\t\t\t<p>Si quieres hacer un cambio en tu pedido, ponte en contacto con nosotros lo antes posible. Si tu pedido a\u00fan no ha sido procesado, es posible que podamos ajustarlo.<\/p>\n\t\t\t\t<\/div>\n\t\t\t<\/div>\n\t\t<\/div>\n\t<\/div>\t\t\t\t<\/div>\n\t\t\t\t<\/div>\n\t\t\t\t\t<\/div>\n\t\t<\/div>\n\t\t\t\t\t<\/div>\n\t\t<\/section>\n\t\t\t\t<section class=\"elementor-section elementor-top-section elementor-element elementor-element-d1e340b elementor-section-boxed elementor-section-height-default elementor-section-height-default\" data-id=\"d1e340b\" data-element_type=\"section\">\n\t\t\t\t\t\t<div class=\"elementor-container elementor-column-gap-default\">\n\t\t\t\t\t<div class=\"elementor-column elementor-col-100 elementor-top-column elementor-element elementor-element-fa19868\" data-id=\"fa19868\" data-element_type=\"column\">\n\t\t\t<div class=\"elementor-widget-wrap elementor-element-populated\">\n\t\t\t\t\t\t<div class=\"elementor-element elementor-element-8dda714 elementor-widget-divider--view-line elementor-widget elementor-widget-divider\" data-id=\"8dda714\" data-element_type=\"widget\" data-widget_type=\"divider.default\">\n\t\t\t\t<div class=\"elementor-widget-container\">\n\t\t\t\t\t\t\t<div class=\"elementor-divider\">\n\t\t\t<span class=\"elementor-divider-separator\">\n\t\t\t\t\t\t<\/span>\n\t\t<\/div>\n\t\t\t\t\t\t<\/div>\n\t\t\t\t<\/div>\n\t\t\t\t\t<\/div>\n\t\t<\/div>\n\t\t\t\t\t<\/div>\n\t\t<\/section>\n\t\t\t\t<section class=\"elementor-section elementor-top-section elementor-element elementor-element-2098b46 elementor-section-boxed elementor-section-height-default elementor-section-height-default\" data-id=\"2098b46\" data-element_type=\"section\">\n\t\t\t\t\t\t<div class=\"elementor-container elementor-column-gap-default\">\n\t\t\t\t\t<div class=\"elementor-column elementor-col-33 elementor-top-column elementor-element elementor-element-c8f9429\" data-id=\"c8f9429\" data-element_type=\"column\">\n\t\t\t<div class=\"elementor-widget-wrap elementor-element-populated\">\n\t\t\t\t\t\t<div class=\"elementor-element elementor-element-29f9af8 elementor-widget elementor-widget-pls-heading\" data-id=\"29f9af8\" data-element_type=\"widget\" data-widget_type=\"pls-heading.default\">\n\t\t\t\t<div class=\"elementor-widget-container\">\n\t\t\t\t\t<div id=\"pls-header-37616\" class=\"pls-element pls-heading separator-line\">\t\n\t\t\t\n\t\t\t<div class=\"heading-wrap\">\n\t\t\t<span class=\"separator-left\"><\/span>\n\t\t\t<h3 class=\"heading-title\">Devuelve<\/h3>\t\t\t<span class=\"separator-right\"><\/span>\n\t\t\t\t\t<\/div>\n\t\t\n    <\/div>\t\t\t\t<\/div>\n\t\t\t\t<\/div>\n\t\t\t\t\t<\/div>\n\t\t<\/div>\n\t\t\t\t<div class=\"elementor-column elementor-col-66 elementor-top-column elementor-element elementor-element-2f952b9\" data-id=\"2f952b9\" data-element_type=\"column\">\n\t\t\t<div class=\"elementor-widget-wrap elementor-element-populated\">\n\t\t\t\t\t\t<div class=\"elementor-element elementor-element-e3e6b1c elementor-widget elementor-widget-pls-accordion\" data-id=\"e3e6b1c\" data-element_type=\"widget\" data-widget_type=\"pls-accordion.default\">\n\t\t\t\t<div class=\"elementor-widget-container\">\n\t\t\t\t\t\n<div id=\"pls-accordion-97752\" class=\"pls-element pls-accordion panel-group align-left icon-position-right\">\t\n\t\t\t\n\t\t<div class=\"card pls-accordion-item\">\n\t\t\t<div class=\"card-header accordion-title\">\n\t\t\t\t<h4 class=\"card-title\">\n\t\t\t\t\t<a class=\"card-link open\" href=\"#elementor-tab-title-2381\" data-style=\"default\">\n\t\t\t\t\t\u00bfPuedo devolver mi pedido?\t\t\t\t\t<\/a>\n\t\t\t\t<\/h4>\n\t\t\t<\/div>\n\t\t\t<div id=\"elementor-tab-title-2381\" class=\"collapse accordion-tab-content show\">\n\t\t\t\t<div class=\"card-body\">\n\t\t\t\t\t<p>S\u00ed, puedes devolver tu pedido en un plazo de 14 d\u00edas a partir de la fecha de recepci\u00f3n, siempre que las joyas est\u00e9n en su estado original y sin usar. Las joyas personalizadas no se pueden devolver.<\/p>\n\t\t\t\t<\/div>\n\t\t\t<\/div>\n\t\t<\/div>\n\t\t\t\n\t\t<div class=\"card pls-accordion-item\">\n\t\t\t<div class=\"card-header accordion-title\">\n\t\t\t\t<h4 class=\"card-title\">\n\t\t\t\t\t<a class=\"card-link \" href=\"#elementor-tab-title-2383\" data-style=\"default\">\n\t\t\t\t\t\u00bfC\u00f3mo devuelvo un producto?\t\t\t\t\t<\/a>\n\t\t\t\t<\/h4>\n\t\t\t<\/div>\n\t\t\t<div id=\"elementor-tab-title-2383\" class=\"collapse accordion-tab-content \">\n\t\t\t\t<div class=\"card-body\">\n\t\t\t\t\t<p>Ponte en contacto con nosotros para enviar una solicitud de devoluci\u00f3n. Recibir\u00e1s m\u00e1s instrucciones y una etiqueta de devoluci\u00f3n para devolver el producto.<\/p>\n\t\t\t\t<\/div>\n\t\t\t<\/div>\n\t\t<\/div>\n\t\t\t\n\t\t<div class=\"card pls-accordion-item\">\n\t\t\t<div class=\"card-header accordion-title\">\n\t\t\t\t<h4 class=\"card-title\">\n\t\t\t\t\t<a class=\"card-link \" href=\"#elementor-tab-title-2385\" data-style=\"default\">\n\t\t\t\t\t\u00bfCu\u00e1ndo me devolver\u00e1n el dinero?\t\t\t\t\t<\/a>\n\t\t\t\t<\/h4>\n\t\t\t<\/div>\n\t\t\t<div id=\"elementor-tab-title-2385\" class=\"collapse accordion-tab-content \">\n\t\t\t\t<div class=\"card-body\">\n\t\t\t\t\t<p>Una vez que hayamos recibido y comprobado el producto devuelto, procesaremos tu reembolso. Esto puede tardar hasta 10 d\u00edas laborables, dependiendo de tu banco.<\/p>\n\t\t\t\t<\/div>\n\t\t\t<\/div>\n\t\t<\/div>\n\t<\/div>\t\t\t\t<\/div>\n\t\t\t\t<\/div>\n\t\t\t\t\t<\/div>\n\t\t<\/div>\n\t\t\t\t\t<\/div>\n\t\t<\/section>\n\t\t\t\t<\/div>\n\t\t","protected":false},"excerpt":{"rendered":"<p>De compras \u00bfC\u00f3mo se fabrican las joyas? Todas las joyas de Haloh Design est\u00e1n hechas a mano por Alicia, nuestra propietaria. Cada pieza se elabora cuidadosamente con atenci\u00f3n al detalle<\/p>\n","protected":false},"author":1,"featured_media":0,"parent":0,"menu_order":0,"comment_status":"closed","ping_status":"closed","template":"","meta":{"footnotes":""},"class_list":["post-3686","page","type-page","status-publish","hentry"],"yoast_head":"<!-- This site is optimized with the Yoast SEO plugin v26.5 - https:\/\/yoast.com\/wordpress\/plugins\/seo\/ -->\n<title>PREGUNTAS FRECUENTES - Haloh Design<\/title>\n<meta name=\"robots\" content=\"index, follow, max-snippet:-1, max-image-preview:large, max-video-preview:-1\" \/>\n<link rel=\"canonical\" href=\"https:\/\/halohdesign.com\/es\/preguntas-frecuentes\/\" \/>\n<meta property=\"og:locale\" content=\"es_ES\" \/>\n<meta property=\"og:type\" content=\"article\" \/>\n<meta property=\"og:title\" content=\"PREGUNTAS FRECUENTES - Haloh Design\" \/>\n<meta property=\"og:description\" content=\"De compras \u00bfC\u00f3mo se fabrican las joyas? Todas las joyas de Haloh Design est\u00e1n hechas a mano por Alicia, nuestra propietaria. Cada pieza se elabora cuidadosamente con atenci\u00f3n al detalle\" \/>\n<meta property=\"og:url\" content=\"https:\/\/halohdesign.com\/es\/preguntas-frecuentes\/\" \/>\n<meta property=\"og:site_name\" content=\"Haloh Design\" \/>\n<meta property=\"article:modified_time\" content=\"2024-11-18T10:59:03+00:00\" \/>\n<meta name=\"twitter:card\" content=\"summary_large_image\" \/>\n<meta name=\"twitter:label1\" content=\"Tiempo de lectura\" \/>\n\t<meta name=\"twitter:data1\" content=\"2 minutos\" \/>\n<script type=\"application\/ld+json\" class=\"yoast-schema-graph\">{\"@context\":\"https:\/\/schema.org\",\"@graph\":[{\"@type\":\"WebPage\",\"@id\":\"https:\/\/halohdesign.com\/es\/preguntas-frecuentes\/\",\"url\":\"https:\/\/halohdesign.com\/es\/preguntas-frecuentes\/\",\"name\":\"PREGUNTAS FRECUENTES - Haloh Design\",\"isPartOf\":{\"@id\":\"https:\/\/halohdesign.com\/#website\"},\"datePublished\":\"2023-02-17T11:17:53+00:00\",\"dateModified\":\"2024-11-18T10:59:03+00:00\",\"breadcrumb\":{\"@id\":\"https:\/\/halohdesign.com\/es\/preguntas-frecuentes\/#breadcrumb\"},\"inLanguage\":\"es\",\"potentialAction\":[{\"@type\":\"ReadAction\",\"target\":[\"https:\/\/halohdesign.com\/es\/preguntas-frecuentes\/\"]}]},{\"@type\":\"BreadcrumbList\",\"@id\":\"https:\/\/halohdesign.com\/es\/preguntas-frecuentes\/#breadcrumb\",\"itemListElement\":[{\"@type\":\"ListItem\",\"position\":1,\"name\":\"Home\",\"item\":\"https:\/\/halohdesign.com\/es\/inicio\/\"},{\"@type\":\"ListItem\",\"position\":2,\"name\":\"PREGUNTAS FRECUENTES\"}]},{\"@type\":\"WebSite\",\"@id\":\"https:\/\/halohdesign.com\/#website\",\"url\":\"https:\/\/halohdesign.com\/\",\"name\":\"Haloh Design\",\"description\":\"Handgemaakte juwelen\",\"potentialAction\":[{\"@type\":\"SearchAction\",\"target\":{\"@type\":\"EntryPoint\",\"urlTemplate\":\"https:\/\/halohdesign.com\/?s={search_term_string}\"},\"query-input\":{\"@type\":\"PropertyValueSpecification\",\"valueRequired\":true,\"valueName\":\"search_term_string\"}}],\"inLanguage\":\"es\"}]}<\/script>\n<!-- \/ Yoast SEO plugin. -->","yoast_head_json":{"title":"PREGUNTAS FRECUENTES - Haloh Design","robots":{"index":"index","follow":"follow","max-snippet":"max-snippet:-1","max-image-preview":"max-image-preview:large","max-video-preview":"max-video-preview:-1"},"canonical":"https:\/\/halohdesign.com\/es\/preguntas-frecuentes\/","og_locale":"es_ES","og_type":"article","og_title":"PREGUNTAS FRECUENTES - Haloh Design","og_description":"De compras \u00bfC\u00f3mo se fabrican las joyas? Todas las joyas de Haloh Design est\u00e1n hechas a mano por Alicia, nuestra propietaria. Cada pieza se elabora cuidadosamente con atenci\u00f3n al detalle","og_url":"https:\/\/halohdesign.com\/es\/preguntas-frecuentes\/","og_site_name":"Haloh Design","article_modified_time":"2024-11-18T10:59:03+00:00","twitter_card":"summary_large_image","twitter_misc":{"Tiempo de lectura":"2 minutos"},"schema":{"@context":"https:\/\/schema.org","@graph":[{"@type":"WebPage","@id":"https:\/\/halohdesign.com\/es\/preguntas-frecuentes\/","url":"https:\/\/halohdesign.com\/es\/preguntas-frecuentes\/","name":"PREGUNTAS FRECUENTES - Haloh Design","isPartOf":{"@id":"https:\/\/halohdesign.com\/#website"},"datePublished":"2023-02-17T11:17:53+00:00","dateModified":"2024-11-18T10:59:03+00:00","breadcrumb":{"@id":"https:\/\/halohdesign.com\/es\/preguntas-frecuentes\/#breadcrumb"},"inLanguage":"es","potentialAction":[{"@type":"ReadAction","target":["https:\/\/halohdesign.com\/es\/preguntas-frecuentes\/"]}]},{"@type":"BreadcrumbList","@id":"https:\/\/halohdesign.com\/es\/preguntas-frecuentes\/#breadcrumb","itemListElement":[{"@type":"ListItem","position":1,"name":"Home","item":"https:\/\/halohdesign.com\/es\/inicio\/"},{"@type":"ListItem","position":2,"name":"PREGUNTAS FRECUENTES"}]},{"@type":"WebSite","@id":"https:\/\/halohdesign.com\/#website","url":"https:\/\/halohdesign.com\/","name":"Haloh Design","description":"Handgemaakte juwelen","potentialAction":[{"@type":"SearchAction","target":{"@type":"EntryPoint","urlTemplate":"https:\/\/halohdesign.com\/?s={search_term_string}"},"query-input":{"@type":"PropertyValueSpecification","valueRequired":true,"valueName":"search_term_string"}}],"inLanguage":"es"}]}},"_links":{"self":[{"href":"https:\/\/halohdesign.com\/es\/wp-json\/wp\/v2\/pages\/3686","targetHints":{"allow":["GET"]}}],"collection":[{"href":"https:\/\/halohdesign.com\/es\/wp-json\/wp\/v2\/pages"}],"about":[{"href":"https:\/\/halohdesign.com\/es\/wp-json\/wp\/v2\/types\/page"}],"author":[{"embeddable":true,"href":"https:\/\/halohdesign.com\/es\/wp-json\/wp\/v2\/users\/1"}],"replies":[{"embeddable":true,"href":"https:\/\/halohdesign.com\/es\/wp-json\/wp\/v2\/comments?post=3686"}],"version-history":[{"count":1,"href":"https:\/\/halohdesign.com\/es\/wp-json\/wp\/v2\/pages\/3686\/revisions"}],"predecessor-version":[{"id":3699,"href":"https:\/\/halohdesign.com\/es\/wp-json\/wp\/v2\/pages\/3686\/revisions\/3699"}],"wp:attachment":[{"href":"https:\/\/halohdesign.com\/es\/wp-json\/wp\/v2\/media?parent=3686"}],"curies":[{"name":"wp","href":"https:\/\/api.w.org\/{rel}","templated":true}]}}