{"id":3680,"date":"2024-09-26T11:46:13","date_gmt":"2024-09-26T11:46:13","guid":{"rendered":"https:\/\/halohdesign.com\/envio\/"},"modified":"2024-11-18T10:59:00","modified_gmt":"2024-11-18T10:59:00","slug":"envio","status":"publish","type":"page","link":"https:\/\/halohdesign.com\/es\/envio\/","title":{"rendered":"Env\u00edo"},"content":{"rendered":"\n<p>En Haloh Design nos esforzamos al m\u00e1ximo para que recibas tu pedido lo antes posible. A continuaci\u00f3n encontrar\u00e1s informaci\u00f3n detallada sobre nuestros m\u00e9todos de env\u00edo, costes y plazos de entrega.<\/p>\n\n<h4 class=\"wp-block-heading\"><strong>M\u00e9todos de env\u00edo<\/strong><\/h4>\n\n<ul class=\"wp-block-list\">\n<li>Enviamos a clientes dentro de Holanda y a destinos internacionales seleccionados.<\/li>\n\n\n\n<li>Todos los pedidos se env\u00edan con un c\u00f3digo de seguimiento y localizaci\u00f3n para que puedas rastrear tu paquete.<\/li>\n<\/ul>\n\n<h4 class=\"wp-block-heading\"><strong>Gastos de env\u00edo<\/strong><\/h4>\n\n<ul class=\"wp-block-list\">\n<li><strong>Dentro de Holanda<\/strong>: Env\u00edo gratuito en pedidos superiores a 100 euros. Para pedidos inferiores a 100 euros, los gastos de env\u00edo son de 4,95 euros.<\/li>\n\n\n\n<li><strong>Internacional<\/strong>: Los gastos de env\u00edo var\u00edan en funci\u00f3n del pa\u00eds de destino. El coste exacto se mostrar\u00e1 al pagar.<\/li>\n<\/ul>\n\n<h4 class=\"wp-block-heading\"><strong>Plazos de entrega<\/strong><\/h4>\n\n<ul class=\"wp-block-list\">\n<li><strong>Dentro de Holanda<\/strong>: Los pedidos se env\u00edan en un plazo de 5-7 d\u00edas laborables tras su procesamiento. Recibir\u00e1s un correo electr\u00f3nico con informaci\u00f3n de seguimiento en cuanto se haya enviado tu pedido.<\/li>\n\n\n\n<li><strong>Internacional<\/strong>: Los plazos de entrega var\u00edan seg\u00fan el pa\u00eds, pero pueden oscilar entre 7 y 14 d\u00edas laborables. Ten en cuenta los posibles retrasos debidos a los tr\u00e1mites aduaneros o de importaci\u00f3n.<\/li>\n<\/ul>\n\n<h4 class=\"wp-block-heading\"><strong>Per\u00edodo de tramitaci\u00f3n<\/strong><\/h4>\n\n<p>Todas las joyas de Haloh Design est\u00e1n hechas a mano. Por ello, tu pedido puede tardar hasta 3 d\u00edas laborables en procesarse y estar listo para su env\u00edo.<\/p>\n\n<h4 class=\"wp-block-heading\"><strong>Retrasos<\/strong><\/h4>\n\n<p>Aunque hacemos todo lo posible por entregar tu pedido a tiempo, a veces pueden producirse retrasos que escapan a nuestro control, como ocurre con los servicios de entrega. Si sufres alg\u00fan retraso, ponte en contacto con nosotros y estaremos encantados de ayudarte.<\/p>\n\n<p>Si tienes m\u00e1s preguntas sobre el env\u00edo, ponte en contacto con nosotros en <strong><a>info@halohdesign.com<\/a><\/strong>.<\/p>\n","protected":false},"excerpt":{"rendered":"<p>En Haloh Design nos esforzamos al m\u00e1ximo para que recibas tu pedido lo antes posible. A continuaci\u00f3n encontrar\u00e1s informaci\u00f3n detallada sobre nuestros m\u00e9todos de env\u00edo, costes y plazos de entrega.<\/p>\n","protected":false},"author":1,"featured_media":0,"parent":0,"menu_order":0,"comment_status":"closed","ping_status":"closed","template":"","meta":{"footnotes":""},"class_list":["post-3680","page","type-page","status-publish","hentry"],"yoast_head":"<!-- This site is optimized with the Yoast SEO plugin v26.5 - https:\/\/yoast.com\/wordpress\/plugins\/seo\/ -->\n<title>Env\u00edo - Haloh Design<\/title>\n<meta name=\"robots\" content=\"index, follow, max-snippet:-1, max-image-preview:large, max-video-preview:-1\" \/>\n<link rel=\"canonical\" href=\"https:\/\/halohdesign.com\/es\/envio\/\" \/>\n<meta property=\"og:locale\" content=\"es_ES\" \/>\n<meta property=\"og:type\" content=\"article\" \/>\n<meta property=\"og:title\" content=\"Env\u00edo - Haloh Design\" \/>\n<meta property=\"og:description\" content=\"En Haloh Design nos esforzamos al m\u00e1ximo para que recibas tu pedido lo antes posible. A continuaci\u00f3n encontrar\u00e1s informaci\u00f3n detallada sobre nuestros m\u00e9todos de env\u00edo, costes y plazos de entrega.\" \/>\n<meta property=\"og:url\" content=\"https:\/\/halohdesign.com\/es\/envio\/\" \/>\n<meta property=\"og:site_name\" content=\"Haloh Design\" \/>\n<meta property=\"article:modified_time\" content=\"2024-11-18T10:59:00+00:00\" \/>\n<meta name=\"twitter:card\" content=\"summary_large_image\" \/>\n<meta name=\"twitter:label1\" content=\"Tiempo de lectura\" \/>\n\t<meta name=\"twitter:data1\" content=\"1 minuto\" \/>\n<script type=\"application\/ld+json\" class=\"yoast-schema-graph\">{\"@context\":\"https:\/\/schema.org\",\"@graph\":[{\"@type\":\"WebPage\",\"@id\":\"https:\/\/halohdesign.com\/es\/envio\/\",\"url\":\"https:\/\/halohdesign.com\/es\/envio\/\",\"name\":\"Env\u00edo - Haloh Design\",\"isPartOf\":{\"@id\":\"https:\/\/halohdesign.com\/#website\"},\"datePublished\":\"2024-09-26T11:46:13+00:00\",\"dateModified\":\"2024-11-18T10:59:00+00:00\",\"breadcrumb\":{\"@id\":\"https:\/\/halohdesign.com\/es\/envio\/#breadcrumb\"},\"inLanguage\":\"es\",\"potentialAction\":[{\"@type\":\"ReadAction\",\"target\":[\"https:\/\/halohdesign.com\/es\/envio\/\"]}]},{\"@type\":\"BreadcrumbList\",\"@id\":\"https:\/\/halohdesign.com\/es\/envio\/#breadcrumb\",\"itemListElement\":[{\"@type\":\"ListItem\",\"position\":1,\"name\":\"Home\",\"item\":\"https:\/\/halohdesign.com\/es\/inicio\/\"},{\"@type\":\"ListItem\",\"position\":2,\"name\":\"Env\u00edo\"}]},{\"@type\":\"WebSite\",\"@id\":\"https:\/\/halohdesign.com\/#website\",\"url\":\"https:\/\/halohdesign.com\/\",\"name\":\"Haloh Design\",\"description\":\"Handgemaakte juwelen\",\"potentialAction\":[{\"@type\":\"SearchAction\",\"target\":{\"@type\":\"EntryPoint\",\"urlTemplate\":\"https:\/\/halohdesign.com\/?s={search_term_string}\"},\"query-input\":{\"@type\":\"PropertyValueSpecification\",\"valueRequired\":true,\"valueName\":\"search_term_string\"}}],\"inLanguage\":\"es\"}]}<\/script>\n<!-- \/ Yoast SEO plugin. -->","yoast_head_json":{"title":"Env\u00edo - Haloh Design","robots":{"index":"index","follow":"follow","max-snippet":"max-snippet:-1","max-image-preview":"max-image-preview:large","max-video-preview":"max-video-preview:-1"},"canonical":"https:\/\/halohdesign.com\/es\/envio\/","og_locale":"es_ES","og_type":"article","og_title":"Env\u00edo - Haloh Design","og_description":"En Haloh Design nos esforzamos al m\u00e1ximo para que recibas tu pedido lo antes posible. A continuaci\u00f3n encontrar\u00e1s informaci\u00f3n detallada sobre nuestros m\u00e9todos de env\u00edo, costes y plazos de entrega.","og_url":"https:\/\/halohdesign.com\/es\/envio\/","og_site_name":"Haloh Design","article_modified_time":"2024-11-18T10:59:00+00:00","twitter_card":"summary_large_image","twitter_misc":{"Tiempo de lectura":"1 minuto"},"schema":{"@context":"https:\/\/schema.org","@graph":[{"@type":"WebPage","@id":"https:\/\/halohdesign.com\/es\/envio\/","url":"https:\/\/halohdesign.com\/es\/envio\/","name":"Env\u00edo - Haloh Design","isPartOf":{"@id":"https:\/\/halohdesign.com\/#website"},"datePublished":"2024-09-26T11:46:13+00:00","dateModified":"2024-11-18T10:59:00+00:00","breadcrumb":{"@id":"https:\/\/halohdesign.com\/es\/envio\/#breadcrumb"},"inLanguage":"es","potentialAction":[{"@type":"ReadAction","target":["https:\/\/halohdesign.com\/es\/envio\/"]}]},{"@type":"BreadcrumbList","@id":"https:\/\/halohdesign.com\/es\/envio\/#breadcrumb","itemListElement":[{"@type":"ListItem","position":1,"name":"Home","item":"https:\/\/halohdesign.com\/es\/inicio\/"},{"@type":"ListItem","position":2,"name":"Env\u00edo"}]},{"@type":"WebSite","@id":"https:\/\/halohdesign.com\/#website","url":"https:\/\/halohdesign.com\/","name":"Haloh Design","description":"Handgemaakte juwelen","potentialAction":[{"@type":"SearchAction","target":{"@type":"EntryPoint","urlTemplate":"https:\/\/halohdesign.com\/?s={search_term_string}"},"query-input":{"@type":"PropertyValueSpecification","valueRequired":true,"valueName":"search_term_string"}}],"inLanguage":"es"}]}},"_links":{"self":[{"href":"https:\/\/halohdesign.com\/es\/wp-json\/wp\/v2\/pages\/3680","targetHints":{"allow":["GET"]}}],"collection":[{"href":"https:\/\/halohdesign.com\/es\/wp-json\/wp\/v2\/pages"}],"about":[{"href":"https:\/\/halohdesign.com\/es\/wp-json\/wp\/v2\/types\/page"}],"author":[{"embeddable":true,"href":"https:\/\/halohdesign.com\/es\/wp-json\/wp\/v2\/users\/1"}],"replies":[{"embeddable":true,"href":"https:\/\/halohdesign.com\/es\/wp-json\/wp\/v2\/comments?post=3680"}],"version-history":[{"count":1,"href":"https:\/\/halohdesign.com\/es\/wp-json\/wp\/v2\/pages\/3680\/revisions"}],"predecessor-version":[{"id":3681,"href":"https:\/\/halohdesign.com\/es\/wp-json\/wp\/v2\/pages\/3680\/revisions\/3681"}],"wp:attachment":[{"href":"https:\/\/halohdesign.com\/es\/wp-json\/wp\/v2\/media?parent=3680"}],"curies":[{"name":"wp","href":"https:\/\/api.w.org\/{rel}","templated":true}]}}