{"id":3665,"date":"2023-02-17T11:16:46","date_gmt":"2023-02-17T11:16:46","guid":{"rendered":"https:\/\/halohdesign.com\/sobre-mi\/"},"modified":"2024-11-21T09:58:42","modified_gmt":"2024-11-21T09:58:42","slug":"sobre-mi","status":"publish","type":"page","link":"https:\/\/halohdesign.com\/es\/sobre-mi\/","title":{"rendered":"Sobre m\u00ed"},"content":{"rendered":"\t\t<div data-elementor-type=\"wp-page\" data-elementor-id=\"3665\" class=\"elementor elementor-3665 elementor-116\" data-elementor-post-type=\"page\">\n\t\t\t\t\t\t<section class=\"elementor-section elementor-top-section elementor-element elementor-element-32cf418 elementor-section-full_width elementor-section-height-default elementor-section-height-default\" data-id=\"32cf418\" data-element_type=\"section\">\n\t\t\t\t\t\t<div class=\"elementor-container elementor-column-gap-no\">\n\t\t\t\t\t<div class=\"elementor-column elementor-col-50 elementor-top-column elementor-element elementor-element-9b74e33\" data-id=\"9b74e33\" data-element_type=\"column\">\n\t\t\t<div class=\"elementor-widget-wrap elementor-element-populated\">\n\t\t\t\t\t\t<div class=\"elementor-element elementor-element-b6c9a5a elementor-widget elementor-widget-image\" data-id=\"b6c9a5a\" data-element_type=\"widget\" data-widget_type=\"image.default\">\n\t\t\t\t<div class=\"elementor-widget-container\">\n\t\t\t\t\t\t\t\t\t\t\t\t\t\t\t<img fetchpriority=\"high\" decoding=\"async\" width=\"1000\" height=\"1874\" src=\"https:\/\/halohdesign.com\/wp-content\/uploads\/2024\/10\/IMG_5491.webp\" class=\"attachment-full size-full wp-image-3419\" alt=\"\" srcset=\"https:\/\/halohdesign.com\/wp-content\/uploads\/2024\/10\/IMG_5491.webp 1000w, https:\/\/halohdesign.com\/wp-content\/uploads\/2024\/10\/IMG_5491-800x1499.webp 800w, https:\/\/halohdesign.com\/wp-content\/uploads\/2024\/10\/IMG_5491-192x360.webp 192w, https:\/\/halohdesign.com\/wp-content\/uploads\/2024\/10\/IMG_5491-307x576.webp 307w, https:\/\/halohdesign.com\/wp-content\/uploads\/2024\/10\/IMG_5491-768x1439.webp 768w, https:\/\/halohdesign.com\/wp-content\/uploads\/2024\/10\/IMG_5491-820x1536.webp 820w\" sizes=\"(max-width: 1000px) 100vw, 1000px\" \/>\t\t\t\t\t\t\t\t\t\t\t\t\t\t\t<\/div>\n\t\t\t\t<\/div>\n\t\t\t\t\t<\/div>\n\t\t<\/div>\n\t\t\t\t<div class=\"elementor-column elementor-col-50 elementor-top-column elementor-element elementor-element-cce5964\" data-id=\"cce5964\" data-element_type=\"column\">\n\t\t\t<div class=\"elementor-widget-wrap elementor-element-populated\">\n\t\t\t\t\t\t<div class=\"elementor-element elementor-element-52deffe elementor-widget elementor-widget-text-editor\" data-id=\"52deffe\" data-element_type=\"widget\" data-widget_type=\"text-editor.default\">\n\t\t\t\t<div class=\"elementor-widget-container\">\n\t\t\t\t\t\t\t\t\t<p>Alicia Oliver &#8211; Propietaria<\/p>\n\t\t\t\t\t\t\t\t<\/div>\n\t\t\t\t<\/div>\n\t\t\t\t<div class=\"elementor-element elementor-element-76a74be elementor-widget elementor-widget-text-editor\" data-id=\"76a74be\" data-element_type=\"widget\" data-widget_type=\"text-editor.default\">\n\t\t\t\t<div class=\"elementor-widget-container\">\n\t\t\t\t\t\t\t\t\t<p>\u00abLas joyas no son s\u00f3lo accesorios, cuentan una historia. Cada detalle se dise\u00f1a con pasi\u00f3n y cuidado\u00bb.<\/p>\n\t\t\t\t\t\t\t\t<\/div>\n\t\t\t\t<\/div>\n\t\t\t\t<div class=\"elementor-element elementor-element-3f688f9 elementor-widget elementor-widget-text-editor\" data-id=\"3f688f9\" data-element_type=\"widget\" data-widget_type=\"text-editor.default\">\n\t\t\t\t<div class=\"elementor-widget-container\">\n\t\t\t\t\t\t\t\t\t<div>La moda es algo m\u00e1s que lo que llevas puesto. Es una forma de dejar que brille tu personalidad.<\/div><div>Me llamo Alicia Oliver. Soy espa\u00f1ola y vivo en Holanda desde los 22 a\u00f1os.<\/div><div>Haloh Design se inici\u00f3 hace 4 a\u00f1os y desde entonces me he dedicado a estudiar, dise\u00f1ar y crear lo que ves en esta p\u00e1gina. Cada pieza est\u00e1 dise\u00f1ada para ser especial y \u00fanica. Nunca repito una pieza hecha y por eso mis productos son \u00fanicos.<\/div><div><span style=\"color: var(--pls-text-color)\">Si buscas un complemento sencillo para tu look diario o\u00a0 si buscas algo mas elegante y sobrio, para ese acontecimiento especial, entonces Haloh Design te proporcionar\u00e1 lo que est\u00e1s buscando. Espero que disfrutes de lo que vayas viendo.<\/span><\/div><div><span style=\"color: var(--pls-text-color)\">Gracias.<\/span><\/div>\t\t\t\t\t\t\t\t<\/div>\n\t\t\t\t<\/div>\n\t\t\t\t<div class=\"elementor-element elementor-element-5cc4585 elementor-widget elementor-widget-text-editor\" data-id=\"5cc4585\" data-element_type=\"widget\" data-widget_type=\"text-editor.default\">\n\t\t\t\t<div class=\"elementor-widget-container\">\n\t\t\t\t\t\t\t\t\t<p>Alicia Oliver<\/p>\n\t\t\t\t\t\t\t\t<\/div>\n\t\t\t\t<\/div>\n\t\t\t\t<section class=\"elementor-section elementor-inner-section elementor-element elementor-element-1fb0d3e elementor-section-boxed elementor-section-height-default elementor-section-height-default\" data-id=\"1fb0d3e\" data-element_type=\"section\">\n\t\t\t\t\t\t<div class=\"elementor-container elementor-column-gap-default\">\n\t\t\t\t\t<div class=\"elementor-column elementor-col-50 elementor-inner-column elementor-element elementor-element-20fd83c\" data-id=\"20fd83c\" data-element_type=\"column\">\n\t\t\t<div class=\"elementor-widget-wrap elementor-element-populated\">\n\t\t\t\t\t\t<div class=\"elementor-element elementor-element-7ce3e99 elementor-widget elementor-widget-pls-heading\" data-id=\"7ce3e99\" data-element_type=\"widget\" data-widget_type=\"pls-heading.default\">\n\t\t\t\t<div class=\"elementor-widget-container\">\n\t\t\t\t\t<div id=\"pls-header-63656\" class=\"pls-element pls-heading separator-none\">\t\n\t\t\t\n\t\t\t<div class=\"heading-wrap\">\n\t\t\t<span class=\"separator-left\"><\/span>\n\t\t\t<h2 class=\"heading-title\">CONTACTO<\/h2>\t\t\t<span class=\"separator-right\"><\/span>\n\t\t\t\t\t<\/div>\n\t\t\n    <\/div>\t\t\t\t<\/div>\n\t\t\t\t<\/div>\n\t\t\t\t<div class=\"elementor-element elementor-element-03b377b elementor-widget__width-initial elementor-widget elementor-widget-pls-heading\" data-id=\"03b377b\" data-element_type=\"widget\" data-widget_type=\"pls-heading.default\">\n\t\t\t\t<div class=\"elementor-widget-container\">\n\t\t\t\t\t<div id=\"pls-header-17480\" class=\"pls-element pls-heading separator-none\">\t\n\t\t\t\n\t\t\n    \t\t<div class=\"heading-tagline\"> <br> Tel\u00e9fono: +31 610108101.\n Correo electr\u00f3nico: info@halohdesign.com <\/div>\n\t<\/div>\t\t\t\t<\/div>\n\t\t\t\t<\/div>\n\t\t\t\t\t<\/div>\n\t\t<\/div>\n\t\t\t\t<div class=\"elementor-column elementor-col-50 elementor-inner-column elementor-element elementor-element-891e2a1\" data-id=\"891e2a1\" data-element_type=\"column\">\n\t\t\t<div class=\"elementor-widget-wrap elementor-element-populated\">\n\t\t\t\t\t\t<div class=\"elementor-element elementor-element-af607fe elementor-widget elementor-widget-pls-heading\" data-id=\"af607fe\" data-element_type=\"widget\" data-widget_type=\"pls-heading.default\">\n\t\t\t\t<div class=\"elementor-widget-container\">\n\t\t\t\t\t<div id=\"pls-header-14139\" class=\"pls-element pls-heading separator-none\">\t\n\t\t\t\n\t\t\t<div class=\"heading-wrap\">\n\t\t\t<span class=\"separator-left\"><\/span>\n\t\t\t<h2 class=\"heading-title\">COMPRAR AHORA<\/h2>\t\t\t<span class=\"separator-right\"><\/span>\n\t\t\t\t\t<\/div>\n\t\t\n    <\/div>\t\t\t\t<\/div>\n\t\t\t\t<\/div>\n\t\t\t\t<div class=\"elementor-element elementor-element-70cfd9f elementor-widget elementor-widget-pls-button\" data-id=\"70cfd9f\" data-element_type=\"widget\" data-widget_type=\"pls-button.default\">\n\t\t\t\t<div class=\"elementor-widget-container\">\n\t\t\t\t\t<div id=\"pls-button-70289\" class=\"pls-element pls-button\">\n\t<a class=\"button btn-style-flat btn-shape-square\" href=\"\/winkel\" >\n\t\tComprar ahora\t<\/a>\n<\/div>\n\t\t\t\t<\/div>\n\t\t\t\t<\/div>\n\t\t\t\t\t<\/div>\n\t\t<\/div>\n\t\t\t\t\t<\/div>\n\t\t<\/section>\n\t\t\t\t\t<\/div>\n\t\t<\/div>\n\t\t\t\t\t<\/div>\n\t\t<\/section>\n\t\t\t\t<\/div>\n\t\t","protected":false},"excerpt":{"rendered":"<p>Alicia Oliver &#8211; Propietaria \u00abLas joyas no son s\u00f3lo accesorios, cuentan una historia. Cada detalle se dise\u00f1a con pasi\u00f3n y cuidado\u00bb. La moda es algo m\u00e1s que lo que llevas<\/p>\n","protected":false},"author":1,"featured_media":0,"parent":0,"menu_order":0,"comment_status":"closed","ping_status":"closed","template":"","meta":{"footnotes":""},"class_list":["post-3665","page","type-page","status-publish","hentry"],"yoast_head":"<!-- This site is optimized with the Yoast SEO plugin v26.5 - https:\/\/yoast.com\/wordpress\/plugins\/seo\/ -->\n<title>Sobre m\u00ed - Haloh Design<\/title>\n<meta name=\"robots\" content=\"index, follow, max-snippet:-1, max-image-preview:large, max-video-preview:-1\" \/>\n<link rel=\"canonical\" href=\"https:\/\/halohdesign.com\/es\/sobre-mi\/\" \/>\n<meta property=\"og:locale\" content=\"es_ES\" \/>\n<meta property=\"og:type\" content=\"article\" \/>\n<meta property=\"og:title\" content=\"Sobre m\u00ed - Haloh Design\" \/>\n<meta property=\"og:description\" content=\"Alicia Oliver &#8211; Propietaria \u00abLas joyas no son s\u00f3lo accesorios, cuentan una historia. Cada detalle se dise\u00f1a con pasi\u00f3n y cuidado\u00bb. La moda es algo m\u00e1s que lo que llevas\" \/>\n<meta property=\"og:url\" content=\"https:\/\/halohdesign.com\/es\/sobre-mi\/\" \/>\n<meta property=\"og:site_name\" content=\"Haloh Design\" \/>\n<meta property=\"article:modified_time\" content=\"2024-11-21T09:58:42+00:00\" \/>\n<meta property=\"og:image\" content=\"https:\/\/halohdesign.com\/wp-content\/uploads\/2024\/10\/IMG_5491.webp\" \/>\n\t<meta property=\"og:image:width\" content=\"1000\" \/>\n\t<meta property=\"og:image:height\" content=\"1874\" \/>\n\t<meta property=\"og:image:type\" content=\"image\/webp\" \/>\n<meta name=\"twitter:card\" content=\"summary_large_image\" \/>\n<meta name=\"twitter:label1\" content=\"Tiempo de lectura\" \/>\n\t<meta name=\"twitter:data1\" content=\"1 minuto\" \/>\n<script type=\"application\/ld+json\" class=\"yoast-schema-graph\">{\"@context\":\"https:\/\/schema.org\",\"@graph\":[{\"@type\":\"WebPage\",\"@id\":\"https:\/\/halohdesign.com\/es\/sobre-mi\/\",\"url\":\"https:\/\/halohdesign.com\/es\/sobre-mi\/\",\"name\":\"Sobre m\u00ed - Haloh Design\",\"isPartOf\":{\"@id\":\"https:\/\/halohdesign.com\/#website\"},\"primaryImageOfPage\":{\"@id\":\"https:\/\/halohdesign.com\/es\/sobre-mi\/#primaryimage\"},\"image\":{\"@id\":\"https:\/\/halohdesign.com\/es\/sobre-mi\/#primaryimage\"},\"thumbnailUrl\":\"https:\/\/halohdesign.com\/wp-content\/uploads\/2024\/10\/IMG_5491.webp\",\"datePublished\":\"2023-02-17T11:16:46+00:00\",\"dateModified\":\"2024-11-21T09:58:42+00:00\",\"breadcrumb\":{\"@id\":\"https:\/\/halohdesign.com\/es\/sobre-mi\/#breadcrumb\"},\"inLanguage\":\"es\",\"potentialAction\":[{\"@type\":\"ReadAction\",\"target\":[\"https:\/\/halohdesign.com\/es\/sobre-mi\/\"]}]},{\"@type\":\"ImageObject\",\"inLanguage\":\"es\",\"@id\":\"https:\/\/halohdesign.com\/es\/sobre-mi\/#primaryimage\",\"url\":\"https:\/\/halohdesign.com\/wp-content\/uploads\/2024\/10\/IMG_5491.webp\",\"contentUrl\":\"https:\/\/halohdesign.com\/wp-content\/uploads\/2024\/10\/IMG_5491.webp\"},{\"@type\":\"BreadcrumbList\",\"@id\":\"https:\/\/halohdesign.com\/es\/sobre-mi\/#breadcrumb\",\"itemListElement\":[{\"@type\":\"ListItem\",\"position\":1,\"name\":\"Home\",\"item\":\"https:\/\/halohdesign.com\/es\/inicio\/\"},{\"@type\":\"ListItem\",\"position\":2,\"name\":\"Sobre m\u00ed\"}]},{\"@type\":\"WebSite\",\"@id\":\"https:\/\/halohdesign.com\/#website\",\"url\":\"https:\/\/halohdesign.com\/\",\"name\":\"Haloh Design\",\"description\":\"Handgemaakte juwelen\",\"potentialAction\":[{\"@type\":\"SearchAction\",\"target\":{\"@type\":\"EntryPoint\",\"urlTemplate\":\"https:\/\/halohdesign.com\/?s={search_term_string}\"},\"query-input\":{\"@type\":\"PropertyValueSpecification\",\"valueRequired\":true,\"valueName\":\"search_term_string\"}}],\"inLanguage\":\"es\"}]}<\/script>\n<!-- \/ Yoast SEO plugin. -->","yoast_head_json":{"title":"Sobre m\u00ed - Haloh Design","robots":{"index":"index","follow":"follow","max-snippet":"max-snippet:-1","max-image-preview":"max-image-preview:large","max-video-preview":"max-video-preview:-1"},"canonical":"https:\/\/halohdesign.com\/es\/sobre-mi\/","og_locale":"es_ES","og_type":"article","og_title":"Sobre m\u00ed - Haloh Design","og_description":"Alicia Oliver &#8211; Propietaria \u00abLas joyas no son s\u00f3lo accesorios, cuentan una historia. Cada detalle se dise\u00f1a con pasi\u00f3n y cuidado\u00bb. La moda es algo m\u00e1s que lo que llevas","og_url":"https:\/\/halohdesign.com\/es\/sobre-mi\/","og_site_name":"Haloh Design","article_modified_time":"2024-11-21T09:58:42+00:00","og_image":[{"width":1000,"height":1874,"url":"https:\/\/halohdesign.com\/wp-content\/uploads\/2024\/10\/IMG_5491.webp","type":"image\/webp"}],"twitter_card":"summary_large_image","twitter_misc":{"Tiempo de lectura":"1 minuto"},"schema":{"@context":"https:\/\/schema.org","@graph":[{"@type":"WebPage","@id":"https:\/\/halohdesign.com\/es\/sobre-mi\/","url":"https:\/\/halohdesign.com\/es\/sobre-mi\/","name":"Sobre m\u00ed - Haloh Design","isPartOf":{"@id":"https:\/\/halohdesign.com\/#website"},"primaryImageOfPage":{"@id":"https:\/\/halohdesign.com\/es\/sobre-mi\/#primaryimage"},"image":{"@id":"https:\/\/halohdesign.com\/es\/sobre-mi\/#primaryimage"},"thumbnailUrl":"https:\/\/halohdesign.com\/wp-content\/uploads\/2024\/10\/IMG_5491.webp","datePublished":"2023-02-17T11:16:46+00:00","dateModified":"2024-11-21T09:58:42+00:00","breadcrumb":{"@id":"https:\/\/halohdesign.com\/es\/sobre-mi\/#breadcrumb"},"inLanguage":"es","potentialAction":[{"@type":"ReadAction","target":["https:\/\/halohdesign.com\/es\/sobre-mi\/"]}]},{"@type":"ImageObject","inLanguage":"es","@id":"https:\/\/halohdesign.com\/es\/sobre-mi\/#primaryimage","url":"https:\/\/halohdesign.com\/wp-content\/uploads\/2024\/10\/IMG_5491.webp","contentUrl":"https:\/\/halohdesign.com\/wp-content\/uploads\/2024\/10\/IMG_5491.webp"},{"@type":"BreadcrumbList","@id":"https:\/\/halohdesign.com\/es\/sobre-mi\/#breadcrumb","itemListElement":[{"@type":"ListItem","position":1,"name":"Home","item":"https:\/\/halohdesign.com\/es\/inicio\/"},{"@type":"ListItem","position":2,"name":"Sobre m\u00ed"}]},{"@type":"WebSite","@id":"https:\/\/halohdesign.com\/#website","url":"https:\/\/halohdesign.com\/","name":"Haloh Design","description":"Handgemaakte juwelen","potentialAction":[{"@type":"SearchAction","target":{"@type":"EntryPoint","urlTemplate":"https:\/\/halohdesign.com\/?s={search_term_string}"},"query-input":{"@type":"PropertyValueSpecification","valueRequired":true,"valueName":"search_term_string"}}],"inLanguage":"es"}]}},"_links":{"self":[{"href":"https:\/\/halohdesign.com\/es\/wp-json\/wp\/v2\/pages\/3665","targetHints":{"allow":["GET"]}}],"collection":[{"href":"https:\/\/halohdesign.com\/es\/wp-json\/wp\/v2\/pages"}],"about":[{"href":"https:\/\/halohdesign.com\/es\/wp-json\/wp\/v2\/types\/page"}],"author":[{"embeddable":true,"href":"https:\/\/halohdesign.com\/es\/wp-json\/wp\/v2\/users\/1"}],"replies":[{"embeddable":true,"href":"https:\/\/halohdesign.com\/es\/wp-json\/wp\/v2\/comments?post=3665"}],"version-history":[{"count":16,"href":"https:\/\/halohdesign.com\/es\/wp-json\/wp\/v2\/pages\/3665\/revisions"}],"predecessor-version":[{"id":4188,"href":"https:\/\/halohdesign.com\/es\/wp-json\/wp\/v2\/pages\/3665\/revisions\/4188"}],"wp:attachment":[{"href":"https:\/\/halohdesign.com\/es\/wp-json\/wp\/v2\/media?parent=3665"}],"curies":[{"name":"wp","href":"https:\/\/api.w.org\/{rel}","templated":true}]}}