{"id":3656,"date":"2023-02-17T11:16:17","date_gmt":"2023-02-17T11:16:17","guid":{"rendered":"https:\/\/halohdesign.com\/manten\/"},"modified":"2024-11-21T10:18:23","modified_gmt":"2024-11-21T10:18:23","slug":"manten","status":"publish","type":"page","link":"https:\/\/halohdesign.com\/es\/manten\/","title":{"rendered":"Mantenimiento"},"content":{"rendered":"<h2> Mantener las joyas<\/h2>\n<p>    \t\t Por supuesto, es prudente cuidar bien tus joyas. Esto evitar\u00e1 que se rompan y har\u00e1 que tus joyas duren m\u00e1s.<br \/>\n\t<a href=\"#onderhouden\"><br \/>\n\t\t\u00bfC\u00f3mo mantengo mis joyas?\t<\/a><br \/>\n\t\t\t\t\t\t\t\t\t\t\t\t\t<img fetchpriority=\"high\" decoding=\"async\" width=\"700\" height=\"700\" src=\"https:\/\/halohdesign.com\/wp-content\/uploads\/2024\/09\/Insta-1.webp\" alt=\"\" \/>\t\t\t\t\t\t\t\t\t\t\t\t\t<\/p>\n<h2>Mant\u00e9n tus joyas adecuadamente:<\/h2>\n<p>\t\t\t\t\t\t\t1<\/p>\n<h4>Limpieza cuidadosa<\/h4>\n<p>Limpia suavemente tus joyas con un pa\u00f1o especial para plata. Cuando el producto tiene componentes delicados, como piedras preciosas, podr\u00e1s limpiarlas con agua tibia y jab\u00f3n para beb\u00e9s y posteriormente secarlas con un pa\u00f1o suave.<\/p>\n<p>\t\t\t\t\t\t\t2<\/p>\n<h4>Protege contra los productos qu\u00edmicos<\/h4>\n<p>El perfume, las cremas, la laca y los productos qu\u00edmicos, estropean la calidad de tus joyas.<br \/>\nTe aconsejo, primero quitarte las joyas y ponertelas, cuando ya est\u00e9s arreglada.<\/p>\n<p>\t\t\t\t\t\t\t3<\/p>\n<h4>Evita el agua y la humedad<\/h4>\n<p>Las joyas hechas a mano suelen ser m\u00e1s sensibles a la humedad. Tambi\u00e9n la plata se puede oxidar si se dejan a la intempiere.<\/p>\n<p>\t\t\t\t\t\t\t4<\/p>\n<h4>Llevar con cuidado<\/h4>\n<p>Lleva tus joyas con cuidado. Qu\u00edtatelos durante los ejercicios f\u00edsicos o cuando te vayas a dormir para evitar un desgaste innecesario.<\/p>\n<p>\t\t\t\t\t\t\t5<\/p>\n<h4>Almacenamiento adecuado<\/h4>\n<p>Guarda tus joyas de plata por separado de otros metales en una bolsita de tela suave o en un joyero para evitar que se enreden o se rayen.<\/p>\n","protected":false},"excerpt":{"rendered":"<p>Mantener las joyas Por supuesto, es prudente cuidar bien tus joyas. Esto evitar\u00e1 que se rompan y har\u00e1 que tus joyas duren m\u00e1s. \u00bfC\u00f3mo mantengo mis joyas? Mant\u00e9n tus joyas<\/p>\n","protected":false},"author":1,"featured_media":0,"parent":0,"menu_order":0,"comment_status":"closed","ping_status":"closed","template":"","meta":{"footnotes":""},"class_list":["post-3656","page","type-page","status-publish","hentry"],"yoast_head":"<!-- This site is optimized with the Yoast SEO plugin v26.5 - https:\/\/yoast.com\/wordpress\/plugins\/seo\/ -->\n<title>Mantenimiento - Haloh Design<\/title>\n<meta name=\"robots\" content=\"index, follow, max-snippet:-1, max-image-preview:large, max-video-preview:-1\" \/>\n<link rel=\"canonical\" href=\"https:\/\/halohdesign.com\/es\/manten\/\" \/>\n<meta property=\"og:locale\" content=\"es_ES\" \/>\n<meta property=\"og:type\" content=\"article\" \/>\n<meta property=\"og:title\" content=\"Mantenimiento - Haloh Design\" \/>\n<meta property=\"og:description\" content=\"Mantener las joyas Por supuesto, es prudente cuidar bien tus joyas. Esto evitar\u00e1 que se rompan y har\u00e1 que tus joyas duren m\u00e1s. \u00bfC\u00f3mo mantengo mis joyas? Mant\u00e9n tus joyas\" \/>\n<meta property=\"og:url\" content=\"https:\/\/halohdesign.com\/es\/manten\/\" \/>\n<meta property=\"og:site_name\" content=\"Haloh Design\" \/>\n<meta property=\"article:modified_time\" content=\"2024-11-21T10:18:23+00:00\" \/>\n<meta property=\"og:image\" content=\"https:\/\/halohdesign.com\/wp-content\/uploads\/2024\/09\/Insta-1.webp\" \/>\n\t<meta property=\"og:image:width\" content=\"700\" \/>\n\t<meta property=\"og:image:height\" content=\"700\" \/>\n\t<meta property=\"og:image:type\" content=\"image\/webp\" \/>\n<meta name=\"twitter:card\" content=\"summary_large_image\" \/>\n<meta name=\"twitter:label1\" content=\"Tiempo de lectura\" \/>\n\t<meta name=\"twitter:data1\" content=\"1 minuto\" \/>\n<script type=\"application\/ld+json\" class=\"yoast-schema-graph\">{\"@context\":\"https:\/\/schema.org\",\"@graph\":[{\"@type\":\"WebPage\",\"@id\":\"https:\/\/halohdesign.com\/es\/manten\/\",\"url\":\"https:\/\/halohdesign.com\/es\/manten\/\",\"name\":\"Mantenimiento - Haloh Design\",\"isPartOf\":{\"@id\":\"https:\/\/halohdesign.com\/#website\"},\"primaryImageOfPage\":{\"@id\":\"https:\/\/halohdesign.com\/es\/manten\/#primaryimage\"},\"image\":{\"@id\":\"https:\/\/halohdesign.com\/es\/manten\/#primaryimage\"},\"thumbnailUrl\":\"https:\/\/halohdesign.com\/wp-content\/uploads\/2024\/09\/Insta-1.webp\",\"datePublished\":\"2023-02-17T11:16:17+00:00\",\"dateModified\":\"2024-11-21T10:18:23+00:00\",\"breadcrumb\":{\"@id\":\"https:\/\/halohdesign.com\/es\/manten\/#breadcrumb\"},\"inLanguage\":\"es\",\"potentialAction\":[{\"@type\":\"ReadAction\",\"target\":[\"https:\/\/halohdesign.com\/es\/manten\/\"]}]},{\"@type\":\"ImageObject\",\"inLanguage\":\"es\",\"@id\":\"https:\/\/halohdesign.com\/es\/manten\/#primaryimage\",\"url\":\"https:\/\/halohdesign.com\/wp-content\/uploads\/2024\/09\/Insta-1.webp\",\"contentUrl\":\"https:\/\/halohdesign.com\/wp-content\/uploads\/2024\/09\/Insta-1.webp\"},{\"@type\":\"BreadcrumbList\",\"@id\":\"https:\/\/halohdesign.com\/es\/manten\/#breadcrumb\",\"itemListElement\":[{\"@type\":\"ListItem\",\"position\":1,\"name\":\"Home\",\"item\":\"https:\/\/halohdesign.com\/es\/inicio\/\"},{\"@type\":\"ListItem\",\"position\":2,\"name\":\"Mantenimiento\"}]},{\"@type\":\"WebSite\",\"@id\":\"https:\/\/halohdesign.com\/#website\",\"url\":\"https:\/\/halohdesign.com\/\",\"name\":\"Haloh Design\",\"description\":\"Handgemaakte juwelen\",\"potentialAction\":[{\"@type\":\"SearchAction\",\"target\":{\"@type\":\"EntryPoint\",\"urlTemplate\":\"https:\/\/halohdesign.com\/?s={search_term_string}\"},\"query-input\":{\"@type\":\"PropertyValueSpecification\",\"valueRequired\":true,\"valueName\":\"search_term_string\"}}],\"inLanguage\":\"es\"}]}<\/script>\n<!-- \/ Yoast SEO plugin. -->","yoast_head_json":{"title":"Mantenimiento - Haloh Design","robots":{"index":"index","follow":"follow","max-snippet":"max-snippet:-1","max-image-preview":"max-image-preview:large","max-video-preview":"max-video-preview:-1"},"canonical":"https:\/\/halohdesign.com\/es\/manten\/","og_locale":"es_ES","og_type":"article","og_title":"Mantenimiento - Haloh Design","og_description":"Mantener las joyas Por supuesto, es prudente cuidar bien tus joyas. Esto evitar\u00e1 que se rompan y har\u00e1 que tus joyas duren m\u00e1s. \u00bfC\u00f3mo mantengo mis joyas? Mant\u00e9n tus joyas","og_url":"https:\/\/halohdesign.com\/es\/manten\/","og_site_name":"Haloh Design","article_modified_time":"2024-11-21T10:18:23+00:00","og_image":[{"width":700,"height":700,"url":"https:\/\/halohdesign.com\/wp-content\/uploads\/2024\/09\/Insta-1.webp","type":"image\/webp"}],"twitter_card":"summary_large_image","twitter_misc":{"Tiempo de lectura":"1 minuto"},"schema":{"@context":"https:\/\/schema.org","@graph":[{"@type":"WebPage","@id":"https:\/\/halohdesign.com\/es\/manten\/","url":"https:\/\/halohdesign.com\/es\/manten\/","name":"Mantenimiento - Haloh Design","isPartOf":{"@id":"https:\/\/halohdesign.com\/#website"},"primaryImageOfPage":{"@id":"https:\/\/halohdesign.com\/es\/manten\/#primaryimage"},"image":{"@id":"https:\/\/halohdesign.com\/es\/manten\/#primaryimage"},"thumbnailUrl":"https:\/\/halohdesign.com\/wp-content\/uploads\/2024\/09\/Insta-1.webp","datePublished":"2023-02-17T11:16:17+00:00","dateModified":"2024-11-21T10:18:23+00:00","breadcrumb":{"@id":"https:\/\/halohdesign.com\/es\/manten\/#breadcrumb"},"inLanguage":"es","potentialAction":[{"@type":"ReadAction","target":["https:\/\/halohdesign.com\/es\/manten\/"]}]},{"@type":"ImageObject","inLanguage":"es","@id":"https:\/\/halohdesign.com\/es\/manten\/#primaryimage","url":"https:\/\/halohdesign.com\/wp-content\/uploads\/2024\/09\/Insta-1.webp","contentUrl":"https:\/\/halohdesign.com\/wp-content\/uploads\/2024\/09\/Insta-1.webp"},{"@type":"BreadcrumbList","@id":"https:\/\/halohdesign.com\/es\/manten\/#breadcrumb","itemListElement":[{"@type":"ListItem","position":1,"name":"Home","item":"https:\/\/halohdesign.com\/es\/inicio\/"},{"@type":"ListItem","position":2,"name":"Mantenimiento"}]},{"@type":"WebSite","@id":"https:\/\/halohdesign.com\/#website","url":"https:\/\/halohdesign.com\/","name":"Haloh Design","description":"Handgemaakte juwelen","potentialAction":[{"@type":"SearchAction","target":{"@type":"EntryPoint","urlTemplate":"https:\/\/halohdesign.com\/?s={search_term_string}"},"query-input":{"@type":"PropertyValueSpecification","valueRequired":true,"valueName":"search_term_string"}}],"inLanguage":"es"}]}},"_links":{"self":[{"href":"https:\/\/halohdesign.com\/es\/wp-json\/wp\/v2\/pages\/3656","targetHints":{"allow":["GET"]}}],"collection":[{"href":"https:\/\/halohdesign.com\/es\/wp-json\/wp\/v2\/pages"}],"about":[{"href":"https:\/\/halohdesign.com\/es\/wp-json\/wp\/v2\/types\/page"}],"author":[{"embeddable":true,"href":"https:\/\/halohdesign.com\/es\/wp-json\/wp\/v2\/users\/1"}],"replies":[{"embeddable":true,"href":"https:\/\/halohdesign.com\/es\/wp-json\/wp\/v2\/comments?post=3656"}],"version-history":[{"count":6,"href":"https:\/\/halohdesign.com\/es\/wp-json\/wp\/v2\/pages\/3656\/revisions"}],"predecessor-version":[{"id":4198,"href":"https:\/\/halohdesign.com\/es\/wp-json\/wp\/v2\/pages\/3656\/revisions\/4198"}],"wp:attachment":[{"href":"https:\/\/halohdesign.com\/es\/wp-json\/wp\/v2\/media?parent=3656"}],"curies":[{"name":"wp","href":"https:\/\/api.w.org\/{rel}","templated":true}]}}